{"id":12440,"date":"2019-07-09T09:41:15","date_gmt":"2019-07-09T12:41:15","guid":{"rendered":"http:\/\/takahashiadv.com.br\/?page_id=12440"},"modified":"2025-09-01T07:37:48","modified_gmt":"2025-09-01T10:37:48","slug":"urai","status":"publish","type":"page","link":"https:\/\/takahashiadv.com.br\/index.php\/urai\/","title":{"rendered":"Ura\u00ed"},"content":{"rendered":"<div class=\"row \"><div class=\"wpv-grid grid-1-1  wpv-first-level first unextended\" style=\"padding-top:0px;padding-bottom:0px\" id=\"wpv-column-ce07f606ac471cfd57d56d1c75755a44\" ><\/div><\/div>\n<div class=\"push\" style='height:30px'><\/div>\n<div class=\"row \"><div class=\"wpv-grid grid-1-1  wpv-first-level first unextended\" style=\"padding-top:0px;padding-bottom:0px\" id=\"wpv-column-bad31bff69203c3d6e5eed7241a9cfea\" ><div class=\"row \"><div class=\"wpv-grid grid-1-1  first unextended\" style=\"padding-top:0px;padding-bottom:0px\" id=\"wpv-column-6eedecacb0829eb32b7f6276f731f3b2\" ><div class=\"clearfix dropcap-wrapper\"><div class=\"dropcap-left\"><span class='dropcap1 '>T<\/span><\/div><div class=\"dropcap-text\">Trabalho em equipe, experi\u00eancia e credibilidade. \u00c9 isso o que nos define, e o que nos permite construir rela\u00e7\u00f5es de valor.<\/div> <\/div>\n<div class=\"push\" style='height:20px'><\/div>\n<p>\u00c1REAS DE ATUA\u00c7\u00c3O<br \/>\n. Direito C\u00edvel<br \/>\n. Direito Previdenci\u00e1rio<br \/>\n. Direito Trabalhista<br \/>\n<div class=\"push\" style='height:20px'><\/div><\/div><\/div><\/div><\/div>\n<div class=\"row \"><div class=\"wpv-grid grid-1-1  wpv-first-level first unextended\" style=\"padding-top:0px;padding-bottom:0px\" id=\"wpv-column-a683d202b182ea2f35b4dc69f7da2d4f\" ><div class=\"sep\"><\/div>\n<div class=\"push\" style='height:30px'><\/div>\n<div class=\"row \"><div class=\"wpv-grid grid-1-1  first unextended\" style=\"padding-top:0px;padding-bottom:0px\" id=\"wpv-column-3a88ff39f450ecd6319685f533f205ee\" ><div class=\"push\" style='margin-bottom:-30px'><\/div>\n<p style=\"text-align: center;\">Tem algum questionamento? Nossa equipe esta dispon\u00edvel para atend\u00ea-lo (a).<br \/>\n<div class=\"push\" style='height:30px'><\/div><\/div><\/div>\n<div class=\"row \"><div class=\"wpv-grid grid-1-3  first unextended\" style=\"padding-top:0px;padding-bottom:0px\" id=\"wpv-column-bc44149f56c9b4828476111ca4365748\" ><p style=\"text-align: center;\"><span class='icon shortcode theme  use-hover' style='font-size:32px !important;color:#C4c3ac;'>&#57547;<\/span>\n<p style=\"text-align: center;\">Rua Rio de Janeiro, 620 &#8211; Sala 3<br \/>\n(Em frente ao Banco do Brasil) &#8211; Centro<br \/>\nUra\u00ed &#8211; Paran\u00e1<br \/>\nCep 86280-000<\/div>\n<div class=\"wpv-grid grid-1-3  unextended\" style=\"padding-top:0px;padding-bottom:0px\" id=\"wpv-column-6557e2a94e4d55e2b7b2d4e630531fcd\" ><p style=\"text-align: center;\"><span class='icon shortcode theme  use-hover' style='font-size:32px !important;color:#C4c3ac;'>&#57471;<\/span>\n<p style=\"text-align: center;\">Tel: (43) 3541-2569<br \/>\n<strong>WhatsApp: (43) 99621.0237<\/strong><\/div>\n<div class=\"wpv-grid grid-1-3  unextended\" style=\"padding-top:0px;padding-bottom:0px\" id=\"wpv-column-b36f402197ddc2d194adbd6dab17e2f0\" ><p style=\"text-align: center;\"><span class='icon shortcode theme  use-hover' style='font-size:32px !important;color:#C4c3ac;'>&#57530;<\/span>\n<p style=\"text-align: center;\">Seg &#8211; Sex: 08:00 \u2013 18:00<br \/>\nS\u00e1bado: FECHADO<br \/>\nDomingo: FECHADO<\/div><\/div>\n<div class=\"push\" style='height:30px'><\/div><\/div><\/div>\n","protected":false},"excerpt":{"rendered":"<p>\u00c1REAS DE ATUA\u00c7\u00c3O . Direito C\u00edvel . Direito Previdenci\u00e1rio . Direito Trabalhista Tem algum questionamento? Nossa equipe esta dispon\u00edvel para atend\u00ea-lo (a). Rua Rio de Janeiro, 620 &#8211; Sala 3 (Em frente ao Banco do Brasil) &#8211; Centro Ura\u00ed &#8211; Paran\u00e1 Cep 86280-000 Tel: (43) 3541-2569 WhatsApp: (43) 99621.0237 Seg &#8211; Sex: 08:00 \u2013 18:00&#8230;<\/p>\n","protected":false},"author":1,"featured_media":0,"parent":0,"menu_order":0,"comment_status":"closed","ping_status":"closed","template":"","meta":{"_joinchat":[],"footnotes":""},"class_list":["post-12440","page","type-page","status-publish","hentry"],"yoast_head":"<!-- This site is optimized with the Yoast SEO plugin v26.5 - https:\/\/yoast.com\/wordpress\/plugins\/seo\/ -->\n<title>Ura\u00ed - Takahashi Advogados Associados<\/title>\n<meta name=\"robots\" content=\"index, follow, max-snippet:-1, max-image-preview:large, max-video-preview:-1\" \/>\n<link rel=\"canonical\" href=\"https:\/\/takahashiadv.com.br\/index.php\/urai\/\" \/>\n<meta property=\"og:locale\" content=\"pt_BR\" \/>\n<meta property=\"og:type\" content=\"article\" \/>\n<meta property=\"og:title\" content=\"Ura\u00ed - Takahashi Advogados Associados\" \/>\n<meta property=\"og:description\" content=\"\u00c1REAS DE ATUA\u00c7\u00c3O . Direito C\u00edvel . Direito Previdenci\u00e1rio . Direito Trabalhista Tem algum questionamento? Nossa equipe esta dispon\u00edvel para atend\u00ea-lo (a). Rua Rio de Janeiro, 620 &#8211; Sala 3 (Em frente ao Banco do Brasil) &#8211; Centro Ura\u00ed &#8211; Paran\u00e1 Cep 86280-000 Tel: (43) 3541-2569 WhatsApp: (43) 99621.0237 Seg &#8211; Sex: 08:00 \u2013 18:00...\" \/>\n<meta property=\"og:url\" content=\"https:\/\/takahashiadv.com.br\/index.php\/urai\/\" \/>\n<meta property=\"og:site_name\" content=\"Takahashi Advogados Associados\" \/>\n<meta property=\"article:publisher\" content=\"https:\/\/www.facebook.com\/takahashiadvogados\" \/>\n<meta property=\"article:modified_time\" content=\"2025-09-01T10:37:48+00:00\" \/>\n<meta name=\"twitter:card\" content=\"summary_large_image\" \/>\n<meta name=\"twitter:label1\" content=\"Est. tempo de leitura\" \/>\n\t<meta name=\"twitter:data1\" content=\"2 minutos\" \/>\n<script type=\"application\/ld+json\" class=\"yoast-schema-graph\">{\"@context\":\"https:\/\/schema.org\",\"@graph\":[{\"@type\":\"WebPage\",\"@id\":\"https:\/\/takahashiadv.com.br\/index.php\/urai\/\",\"url\":\"https:\/\/takahashiadv.com.br\/index.php\/urai\/\",\"name\":\"Ura\u00ed - Takahashi Advogados Associados\",\"isPartOf\":{\"@id\":\"https:\/\/takahashiadv.com.br\/#website\"},\"datePublished\":\"2019-07-09T12:41:15+00:00\",\"dateModified\":\"2025-09-01T10:37:48+00:00\",\"breadcrumb\":{\"@id\":\"https:\/\/takahashiadv.com.br\/index.php\/urai\/#breadcrumb\"},\"inLanguage\":\"pt-BR\",\"potentialAction\":[{\"@type\":\"ReadAction\",\"target\":[\"https:\/\/takahashiadv.com.br\/index.php\/urai\/\"]}]},{\"@type\":\"BreadcrumbList\",\"@id\":\"https:\/\/takahashiadv.com.br\/index.php\/urai\/#breadcrumb\",\"itemListElement\":[{\"@type\":\"ListItem\",\"position\":1,\"name\":\"In\u00edcio\",\"item\":\"https:\/\/takahashiadv.com.br\/\"},{\"@type\":\"ListItem\",\"position\":2,\"name\":\"Ura\u00ed\"}]},{\"@type\":\"WebSite\",\"@id\":\"https:\/\/takahashiadv.com.br\/#website\",\"url\":\"https:\/\/takahashiadv.com.br\/\",\"name\":\"Takahashi Advogados Associados\",\"description\":\"Escrit\u00f3rio de Advocacia\",\"publisher\":{\"@id\":\"https:\/\/takahashiadv.com.br\/#organization\"},\"potentialAction\":[{\"@type\":\"SearchAction\",\"target\":{\"@type\":\"EntryPoint\",\"urlTemplate\":\"https:\/\/takahashiadv.com.br\/?s={search_term_string}\"},\"query-input\":{\"@type\":\"PropertyValueSpecification\",\"valueRequired\":true,\"valueName\":\"search_term_string\"}}],\"inLanguage\":\"pt-BR\"},{\"@type\":\"Organization\",\"@id\":\"https:\/\/takahashiadv.com.br\/#organization\",\"name\":\"Takahashi Advogados Associados\",\"alternateName\":\"Takahashi Advogados\",\"url\":\"https:\/\/takahashiadv.com.br\/\",\"logo\":{\"@type\":\"ImageObject\",\"inLanguage\":\"pt-BR\",\"@id\":\"https:\/\/takahashiadv.com.br\/#\/schema\/logo\/image\/\",\"url\":\"https:\/\/takahashiadv.com.br\/wp-content\/uploads\/2019\/01\/cropped-logo-ICONE.png\",\"contentUrl\":\"https:\/\/takahashiadv.com.br\/wp-content\/uploads\/2019\/01\/cropped-logo-ICONE.png\",\"width\":512,\"height\":512,\"caption\":\"Takahashi Advogados Associados\"},\"image\":{\"@id\":\"https:\/\/takahashiadv.com.br\/#\/schema\/logo\/image\/\"},\"sameAs\":[\"https:\/\/www.facebook.com\/takahashiadvogados\",\"https:\/\/www.instagram.com\/takahashiadvogados\/\",\"https:\/\/www.linkedin.com\/in\/takahashi-advogados-associados-a41b26374\/\"]}]}<\/script>\n<!-- \/ Yoast SEO plugin. -->","yoast_head_json":{"title":"Ura\u00ed - Takahashi Advogados Associados","robots":{"index":"index","follow":"follow","max-snippet":"max-snippet:-1","max-image-preview":"max-image-preview:large","max-video-preview":"max-video-preview:-1"},"canonical":"https:\/\/takahashiadv.com.br\/index.php\/urai\/","og_locale":"pt_BR","og_type":"article","og_title":"Ura\u00ed - Takahashi Advogados Associados","og_description":"\u00c1REAS DE ATUA\u00c7\u00c3O . Direito C\u00edvel . Direito Previdenci\u00e1rio . Direito Trabalhista Tem algum questionamento? Nossa equipe esta dispon\u00edvel para atend\u00ea-lo (a). Rua Rio de Janeiro, 620 &#8211; Sala 3 (Em frente ao Banco do Brasil) &#8211; Centro Ura\u00ed &#8211; Paran\u00e1 Cep 86280-000 Tel: (43) 3541-2569 WhatsApp: (43) 99621.0237 Seg &#8211; Sex: 08:00 \u2013 18:00...","og_url":"https:\/\/takahashiadv.com.br\/index.php\/urai\/","og_site_name":"Takahashi Advogados Associados","article_publisher":"https:\/\/www.facebook.com\/takahashiadvogados","article_modified_time":"2025-09-01T10:37:48+00:00","twitter_card":"summary_large_image","twitter_misc":{"Est. tempo de leitura":"2 minutos"},"schema":{"@context":"https:\/\/schema.org","@graph":[{"@type":"WebPage","@id":"https:\/\/takahashiadv.com.br\/index.php\/urai\/","url":"https:\/\/takahashiadv.com.br\/index.php\/urai\/","name":"Ura\u00ed - Takahashi Advogados Associados","isPartOf":{"@id":"https:\/\/takahashiadv.com.br\/#website"},"datePublished":"2019-07-09T12:41:15+00:00","dateModified":"2025-09-01T10:37:48+00:00","breadcrumb":{"@id":"https:\/\/takahashiadv.com.br\/index.php\/urai\/#breadcrumb"},"inLanguage":"pt-BR","potentialAction":[{"@type":"ReadAction","target":["https:\/\/takahashiadv.com.br\/index.php\/urai\/"]}]},{"@type":"BreadcrumbList","@id":"https:\/\/takahashiadv.com.br\/index.php\/urai\/#breadcrumb","itemListElement":[{"@type":"ListItem","position":1,"name":"In\u00edcio","item":"https:\/\/takahashiadv.com.br\/"},{"@type":"ListItem","position":2,"name":"Ura\u00ed"}]},{"@type":"WebSite","@id":"https:\/\/takahashiadv.com.br\/#website","url":"https:\/\/takahashiadv.com.br\/","name":"Takahashi Advogados Associados","description":"Escrit\u00f3rio de Advocacia","publisher":{"@id":"https:\/\/takahashiadv.com.br\/#organization"},"potentialAction":[{"@type":"SearchAction","target":{"@type":"EntryPoint","urlTemplate":"https:\/\/takahashiadv.com.br\/?s={search_term_string}"},"query-input":{"@type":"PropertyValueSpecification","valueRequired":true,"valueName":"search_term_string"}}],"inLanguage":"pt-BR"},{"@type":"Organization","@id":"https:\/\/takahashiadv.com.br\/#organization","name":"Takahashi Advogados Associados","alternateName":"Takahashi Advogados","url":"https:\/\/takahashiadv.com.br\/","logo":{"@type":"ImageObject","inLanguage":"pt-BR","@id":"https:\/\/takahashiadv.com.br\/#\/schema\/logo\/image\/","url":"https:\/\/takahashiadv.com.br\/wp-content\/uploads\/2019\/01\/cropped-logo-ICONE.png","contentUrl":"https:\/\/takahashiadv.com.br\/wp-content\/uploads\/2019\/01\/cropped-logo-ICONE.png","width":512,"height":512,"caption":"Takahashi Advogados Associados"},"image":{"@id":"https:\/\/takahashiadv.com.br\/#\/schema\/logo\/image\/"},"sameAs":["https:\/\/www.facebook.com\/takahashiadvogados","https:\/\/www.instagram.com\/takahashiadvogados\/","https:\/\/www.linkedin.com\/in\/takahashi-advogados-associados-a41b26374\/"]}]}},"_links":{"self":[{"href":"https:\/\/takahashiadv.com.br\/index.php\/wp-json\/wp\/v2\/pages\/12440","targetHints":{"allow":["GET"]}}],"collection":[{"href":"https:\/\/takahashiadv.com.br\/index.php\/wp-json\/wp\/v2\/pages"}],"about":[{"href":"https:\/\/takahashiadv.com.br\/index.php\/wp-json\/wp\/v2\/types\/page"}],"author":[{"embeddable":true,"href":"https:\/\/takahashiadv.com.br\/index.php\/wp-json\/wp\/v2\/users\/1"}],"replies":[{"embeddable":true,"href":"https:\/\/takahashiadv.com.br\/index.php\/wp-json\/wp\/v2\/comments?post=12440"}],"version-history":[{"count":16,"href":"https:\/\/takahashiadv.com.br\/index.php\/wp-json\/wp\/v2\/pages\/12440\/revisions"}],"predecessor-version":[{"id":17497,"href":"https:\/\/takahashiadv.com.br\/index.php\/wp-json\/wp\/v2\/pages\/12440\/revisions\/17497"}],"wp:attachment":[{"href":"https:\/\/takahashiadv.com.br\/index.php\/wp-json\/wp\/v2\/media?parent=12440"}],"curies":[{"name":"wp","href":"https:\/\/api.w.org\/{rel}","templated":true}]}}