{"id":12452,"date":"2019-07-09T11:28:32","date_gmt":"2019-07-09T14:28:32","guid":{"rendered":"http:\/\/takahashiadv.com.br\/?page_id=12452"},"modified":"2025-09-27T21:39:36","modified_gmt":"2025-09-28T00:39:36","slug":"sorocaba","status":"publish","type":"page","link":"https:\/\/takahashiadv.com.br\/index.php\/sorocaba\/","title":{"rendered":"Sorocaba"},"content":{"rendered":"<div class=\"row \"><div class=\"wpv-grid grid-1-1  wpv-first-level first unextended\" style=\"padding-top:0px;padding-bottom:0px\" id=\"wpv-column-98d30c1450711b2d306e7c15d0073563\" ><\/div><\/div>\n<div class=\"push\" style='height:30px'><\/div>\n<div class=\"row \"><div class=\"wpv-grid grid-1-1  wpv-first-level first unextended\" style=\"padding-top:0px;padding-bottom:0px\" id=\"wpv-column-3165387f18ec7bbf71eed85091ce1734\" ><div class=\"row \"><div class=\"wpv-grid grid-1-1  first unextended\" style=\"padding-top:0px;padding-bottom:0px\" id=\"wpv-column-de22d60c94a0834fcbcfdf85540cb85f\" ><\/div><\/div>\n<div class=\"push\" style='height:30px'><\/div><\/div><\/div>\n<div class=\"row \"><div class=\"wpv-grid grid-1-1  wpv-first-level first unextended\" style=\"padding-top:0px;padding-bottom:0px\" id=\"wpv-column-1c6b891ae26ee828c8bc70c085b34e5d\" ><div class=\"row \"><div class=\"wpv-grid grid-1-1  first unextended\" style=\"padding-top:0px;padding-bottom:0px\" id=\"wpv-column-a906f360ecc8a79a4a3a959940cfd833\" ><div class=\"clearfix dropcap-wrapper\"><div class=\"dropcap-left\"><span class='dropcap1 '>T<\/span><\/div><div class=\"dropcap-text\">Trabalho em equipe, experi\u00eancia e credibilidade. \u00c9 isso o que nos define, e o que nos permite construir rela\u00e7\u00f5es de valor.<\/div> <\/div>\n<div class=\"push\" style='height:20px'><\/div>\n<p>\u00c1REAS DE ATUA\u00c7\u00c3O<br \/>\n. Direito C\u00edvel<br \/>\n. Direito Previdenci\u00e1rio<br \/>\n. Direito Trabalhista<br \/>\n<div class=\"push\" style='height:20px'><\/div><\/div><\/div><\/div><\/div>\n<div class=\"row \"><div class=\"wpv-grid grid-1-1  wpv-first-level first unextended\" style=\"padding-top:0px;padding-bottom:0px\" id=\"wpv-column-eddfd7311acbdcf87bb735b09997d4fc\" ><div class=\"sep\"><\/div>\n<div class=\"push\" style='height:30px'><\/div>\n<div class=\"row \"><div class=\"wpv-grid grid-1-1  first unextended\" style=\"padding-top:0px;padding-bottom:0px\" id=\"wpv-column-5dd29e20ba7e9506a2c66ec2a2bd7047\" ><div class=\"push\" style='margin-bottom:-30px'><\/div>\n<p style=\"text-align: center;\">Tem algum questionamento? Nossa equipe esta dispon\u00edvel para atend\u00ea-lo (a).<br \/>\n<div class=\"push\" style='height:30px'><\/div><\/div><\/div>\n<div class=\"row \"><div class=\"wpv-grid grid-1-3  first unextended\" style=\"padding-top:0px;padding-bottom:0px\" id=\"wpv-column-fbe53249ae1d927aba8729f927a56af6\" ><p style=\"text-align: center;\"><span class='icon shortcode theme  use-hover' style='font-size:32px !important;color:#C4c3ac;'>&#57547;<\/span>\n<p style=\"text-align: center;\">R. Milton Monzoni Wagner, 193<br \/>\nParque Campolim<br \/>\nSorocaba &#8211; SP<br \/>\nCep 18047-634<\/div>\n<div class=\"wpv-grid grid-1-3  unextended\" style=\"padding-top:0px;padding-bottom:0px\" id=\"wpv-column-0034b3b83de905ce0a05bb810e6bb30e\" ><p style=\"text-align: center;\"><span class='icon shortcode theme  use-hover' style='font-size:32px !important;color:#C4c3ac;'>&#57471;<\/span>\n<p style=\"text-align: center;\">Tel: (19) 2114-3262<br \/>\n<strong>WhatsApp: (15) 98182.0047<br \/>\nWhatsApp: (19) 98100-3106<br \/>\n<\/strong><\/div>\n<div class=\"wpv-grid grid-1-3  unextended\" style=\"padding-top:0px;padding-bottom:0px\" id=\"wpv-column-1900f1895704e824dc1d0b800b4f326f\" ><p style=\"text-align: center;\"><span class='icon shortcode theme  use-hover' style='font-size:32px !important;color:#C4c3ac;'>&#57530;<\/span>\n<p style=\"text-align: center;\">Seg &#8211; Sex: 08:00 \u2013 18:00<br \/>\nS\u00e1bado: FECHADO<br \/>\nDomingo: FECHADO<\/div><\/div><\/div><\/div>\n<div class=\"push\" style='height:30px'><\/div>\n","protected":false},"excerpt":{"rendered":"<p>\u00c1REAS DE ATUA\u00c7\u00c3O . Direito C\u00edvel . Direito Previdenci\u00e1rio . Direito Trabalhista Tem algum questionamento? Nossa equipe esta dispon\u00edvel para atend\u00ea-lo (a). R. Milton Monzoni Wagner, 193 Parque Campolim Sorocaba &#8211; SP Cep 18047-634 Tel: (19) 2114-3262 WhatsApp: (15) 98182.0047 WhatsApp: (19) 98100-3106 Seg &#8211; Sex: 08:00 \u2013 18:00 S\u00e1bado: FECHADO Domingo: FECHADO<\/p>\n","protected":false},"author":1,"featured_media":0,"parent":0,"menu_order":0,"comment_status":"closed","ping_status":"closed","template":"","meta":{"_joinchat":[],"footnotes":""},"class_list":["post-12452","page","type-page","status-publish","hentry"],"yoast_head":"<!-- This site is optimized with the Yoast SEO plugin v26.5 - https:\/\/yoast.com\/wordpress\/plugins\/seo\/ -->\n<title>Sorocaba - Takahashi Advogados Associados<\/title>\n<meta name=\"robots\" content=\"index, follow, max-snippet:-1, max-image-preview:large, max-video-preview:-1\" \/>\n<link rel=\"canonical\" href=\"https:\/\/takahashiadv.com.br\/index.php\/sorocaba\/\" \/>\n<meta property=\"og:locale\" content=\"pt_BR\" \/>\n<meta property=\"og:type\" content=\"article\" \/>\n<meta property=\"og:title\" content=\"Sorocaba - Takahashi Advogados Associados\" \/>\n<meta property=\"og:description\" content=\"\u00c1REAS DE ATUA\u00c7\u00c3O . Direito C\u00edvel . Direito Previdenci\u00e1rio . Direito Trabalhista Tem algum questionamento? Nossa equipe esta dispon\u00edvel para atend\u00ea-lo (a). R. Milton Monzoni Wagner, 193 Parque Campolim Sorocaba &#8211; SP Cep 18047-634 Tel: (19) 2114-3262 WhatsApp: (15) 98182.0047 WhatsApp: (19) 98100-3106 Seg &#8211; Sex: 08:00 \u2013 18:00 S\u00e1bado: FECHADO Domingo: FECHADO\" \/>\n<meta property=\"og:url\" content=\"https:\/\/takahashiadv.com.br\/index.php\/sorocaba\/\" \/>\n<meta property=\"og:site_name\" content=\"Takahashi Advogados Associados\" \/>\n<meta property=\"article:publisher\" content=\"https:\/\/www.facebook.com\/takahashiadvogados\" \/>\n<meta property=\"article:modified_time\" content=\"2025-09-28T00:39:36+00:00\" \/>\n<meta name=\"twitter:card\" content=\"summary_large_image\" \/>\n<meta name=\"twitter:label1\" content=\"Est. tempo de leitura\" \/>\n\t<meta name=\"twitter:data1\" content=\"2 minutos\" \/>\n<script type=\"application\/ld+json\" class=\"yoast-schema-graph\">{\"@context\":\"https:\/\/schema.org\",\"@graph\":[{\"@type\":\"WebPage\",\"@id\":\"https:\/\/takahashiadv.com.br\/index.php\/sorocaba\/\",\"url\":\"https:\/\/takahashiadv.com.br\/index.php\/sorocaba\/\",\"name\":\"Sorocaba - Takahashi Advogados Associados\",\"isPartOf\":{\"@id\":\"https:\/\/takahashiadv.com.br\/#website\"},\"datePublished\":\"2019-07-09T14:28:32+00:00\",\"dateModified\":\"2025-09-28T00:39:36+00:00\",\"breadcrumb\":{\"@id\":\"https:\/\/takahashiadv.com.br\/index.php\/sorocaba\/#breadcrumb\"},\"inLanguage\":\"pt-BR\",\"potentialAction\":[{\"@type\":\"ReadAction\",\"target\":[\"https:\/\/takahashiadv.com.br\/index.php\/sorocaba\/\"]}]},{\"@type\":\"BreadcrumbList\",\"@id\":\"https:\/\/takahashiadv.com.br\/index.php\/sorocaba\/#breadcrumb\",\"itemListElement\":[{\"@type\":\"ListItem\",\"position\":1,\"name\":\"In\u00edcio\",\"item\":\"https:\/\/takahashiadv.com.br\/\"},{\"@type\":\"ListItem\",\"position\":2,\"name\":\"Sorocaba\"}]},{\"@type\":\"WebSite\",\"@id\":\"https:\/\/takahashiadv.com.br\/#website\",\"url\":\"https:\/\/takahashiadv.com.br\/\",\"name\":\"Takahashi Advogados Associados\",\"description\":\"Escrit\u00f3rio de Advocacia\",\"publisher\":{\"@id\":\"https:\/\/takahashiadv.com.br\/#organization\"},\"potentialAction\":[{\"@type\":\"SearchAction\",\"target\":{\"@type\":\"EntryPoint\",\"urlTemplate\":\"https:\/\/takahashiadv.com.br\/?s={search_term_string}\"},\"query-input\":{\"@type\":\"PropertyValueSpecification\",\"valueRequired\":true,\"valueName\":\"search_term_string\"}}],\"inLanguage\":\"pt-BR\"},{\"@type\":\"Organization\",\"@id\":\"https:\/\/takahashiadv.com.br\/#organization\",\"name\":\"Takahashi Advogados Associados\",\"alternateName\":\"Takahashi Advogados\",\"url\":\"https:\/\/takahashiadv.com.br\/\",\"logo\":{\"@type\":\"ImageObject\",\"inLanguage\":\"pt-BR\",\"@id\":\"https:\/\/takahashiadv.com.br\/#\/schema\/logo\/image\/\",\"url\":\"https:\/\/takahashiadv.com.br\/wp-content\/uploads\/2019\/01\/cropped-logo-ICONE.png\",\"contentUrl\":\"https:\/\/takahashiadv.com.br\/wp-content\/uploads\/2019\/01\/cropped-logo-ICONE.png\",\"width\":512,\"height\":512,\"caption\":\"Takahashi Advogados Associados\"},\"image\":{\"@id\":\"https:\/\/takahashiadv.com.br\/#\/schema\/logo\/image\/\"},\"sameAs\":[\"https:\/\/www.facebook.com\/takahashiadvogados\",\"https:\/\/www.instagram.com\/takahashiadvogados\/\",\"https:\/\/www.linkedin.com\/in\/takahashi-advogados-associados-a41b26374\/\"]}]}<\/script>\n<!-- \/ Yoast SEO plugin. -->","yoast_head_json":{"title":"Sorocaba - Takahashi Advogados Associados","robots":{"index":"index","follow":"follow","max-snippet":"max-snippet:-1","max-image-preview":"max-image-preview:large","max-video-preview":"max-video-preview:-1"},"canonical":"https:\/\/takahashiadv.com.br\/index.php\/sorocaba\/","og_locale":"pt_BR","og_type":"article","og_title":"Sorocaba - Takahashi Advogados Associados","og_description":"\u00c1REAS DE ATUA\u00c7\u00c3O . Direito C\u00edvel . Direito Previdenci\u00e1rio . Direito Trabalhista Tem algum questionamento? Nossa equipe esta dispon\u00edvel para atend\u00ea-lo (a). R. Milton Monzoni Wagner, 193 Parque Campolim Sorocaba &#8211; SP Cep 18047-634 Tel: (19) 2114-3262 WhatsApp: (15) 98182.0047 WhatsApp: (19) 98100-3106 Seg &#8211; Sex: 08:00 \u2013 18:00 S\u00e1bado: FECHADO Domingo: FECHADO","og_url":"https:\/\/takahashiadv.com.br\/index.php\/sorocaba\/","og_site_name":"Takahashi Advogados Associados","article_publisher":"https:\/\/www.facebook.com\/takahashiadvogados","article_modified_time":"2025-09-28T00:39:36+00:00","twitter_card":"summary_large_image","twitter_misc":{"Est. tempo de leitura":"2 minutos"},"schema":{"@context":"https:\/\/schema.org","@graph":[{"@type":"WebPage","@id":"https:\/\/takahashiadv.com.br\/index.php\/sorocaba\/","url":"https:\/\/takahashiadv.com.br\/index.php\/sorocaba\/","name":"Sorocaba - Takahashi Advogados Associados","isPartOf":{"@id":"https:\/\/takahashiadv.com.br\/#website"},"datePublished":"2019-07-09T14:28:32+00:00","dateModified":"2025-09-28T00:39:36+00:00","breadcrumb":{"@id":"https:\/\/takahashiadv.com.br\/index.php\/sorocaba\/#breadcrumb"},"inLanguage":"pt-BR","potentialAction":[{"@type":"ReadAction","target":["https:\/\/takahashiadv.com.br\/index.php\/sorocaba\/"]}]},{"@type":"BreadcrumbList","@id":"https:\/\/takahashiadv.com.br\/index.php\/sorocaba\/#breadcrumb","itemListElement":[{"@type":"ListItem","position":1,"name":"In\u00edcio","item":"https:\/\/takahashiadv.com.br\/"},{"@type":"ListItem","position":2,"name":"Sorocaba"}]},{"@type":"WebSite","@id":"https:\/\/takahashiadv.com.br\/#website","url":"https:\/\/takahashiadv.com.br\/","name":"Takahashi Advogados Associados","description":"Escrit\u00f3rio de Advocacia","publisher":{"@id":"https:\/\/takahashiadv.com.br\/#organization"},"potentialAction":[{"@type":"SearchAction","target":{"@type":"EntryPoint","urlTemplate":"https:\/\/takahashiadv.com.br\/?s={search_term_string}"},"query-input":{"@type":"PropertyValueSpecification","valueRequired":true,"valueName":"search_term_string"}}],"inLanguage":"pt-BR"},{"@type":"Organization","@id":"https:\/\/takahashiadv.com.br\/#organization","name":"Takahashi Advogados Associados","alternateName":"Takahashi Advogados","url":"https:\/\/takahashiadv.com.br\/","logo":{"@type":"ImageObject","inLanguage":"pt-BR","@id":"https:\/\/takahashiadv.com.br\/#\/schema\/logo\/image\/","url":"https:\/\/takahashiadv.com.br\/wp-content\/uploads\/2019\/01\/cropped-logo-ICONE.png","contentUrl":"https:\/\/takahashiadv.com.br\/wp-content\/uploads\/2019\/01\/cropped-logo-ICONE.png","width":512,"height":512,"caption":"Takahashi Advogados Associados"},"image":{"@id":"https:\/\/takahashiadv.com.br\/#\/schema\/logo\/image\/"},"sameAs":["https:\/\/www.facebook.com\/takahashiadvogados","https:\/\/www.instagram.com\/takahashiadvogados\/","https:\/\/www.linkedin.com\/in\/takahashi-advogados-associados-a41b26374\/"]}]}},"_links":{"self":[{"href":"https:\/\/takahashiadv.com.br\/index.php\/wp-json\/wp\/v2\/pages\/12452","targetHints":{"allow":["GET"]}}],"collection":[{"href":"https:\/\/takahashiadv.com.br\/index.php\/wp-json\/wp\/v2\/pages"}],"about":[{"href":"https:\/\/takahashiadv.com.br\/index.php\/wp-json\/wp\/v2\/types\/page"}],"author":[{"embeddable":true,"href":"https:\/\/takahashiadv.com.br\/index.php\/wp-json\/wp\/v2\/users\/1"}],"replies":[{"embeddable":true,"href":"https:\/\/takahashiadv.com.br\/index.php\/wp-json\/wp\/v2\/comments?post=12452"}],"version-history":[{"count":9,"href":"https:\/\/takahashiadv.com.br\/index.php\/wp-json\/wp\/v2\/pages\/12452\/revisions"}],"predecessor-version":[{"id":17504,"href":"https:\/\/takahashiadv.com.br\/index.php\/wp-json\/wp\/v2\/pages\/12452\/revisions\/17504"}],"wp:attachment":[{"href":"https:\/\/takahashiadv.com.br\/index.php\/wp-json\/wp\/v2\/media?parent=12452"}],"curies":[{"name":"wp","href":"https:\/\/api.w.org\/{rel}","templated":true}]}}