{"id":13330,"date":"2023-07-24T21:34:40","date_gmt":"2023-07-25T00:34:40","guid":{"rendered":"https:\/\/takahashiadv.com.br\/?page_id=13330"},"modified":"2023-07-24T21:38:40","modified_gmt":"2023-07-25T00:38:40","slug":"termos-de-uso","status":"publish","type":"page","link":"https:\/\/takahashiadv.com.br\/index.php\/termos-de-uso\/","title":{"rendered":"Termos de Uso"},"content":{"rendered":"<div class=\"row \"><div class=\"wpv-grid grid-1-1  wpv-first-level first unextended\" style=\"padding-top:0px;padding-bottom:0px\" id=\"wpv-column-1410e429de5940d995e9cbb1ef3dcbcb\" ><p><strong>\u200b<\/strong><\/p>\n<p><strong>Introdu\u00e7\u00e3o<\/strong><\/p>\n<p>Seja bem-vindo(a)!<\/p>\n<p>O nosso site \u00e9 controlado e operado pela Takahashi Advogados Associados (\u201cTakahashi Advogados Associados\u201d, \u201cn\u00f3s\u201d, \u201cnos\u201d, \u201cnosso(a)\u201d, \u201cnossos(as)\u201d, \u201cconosco\u201d), uma sociedade constitu\u00edda sob as leis brasileiras, com sua sede na Cidade de Corn\u00e9lio Proc\u00f3pio, Estado do Paran\u00e1, na Avenida Minas Gerais, 580 &#8211; Centro, inscrito no Cadastro Nacional da Pessoa Jur\u00eddica (CNPJ) sob n\u00ba 07.952.280\/0001-87.<\/p>\n<p>Pedimos que voc\u00ea (\u201cvoc\u00ea\u201d, \u201cTitular de Dados\u201d, \u201cseu(s)\u201d, \u201c-lo\u201d, \u201clhe\u201d) leia atentamente os termos e condi\u00e7\u00f5es de uso abaixo estipulados (\u201cTermos de Uso\u201d) a fim de usufruir de nosso Site e de todos os servi\u00e7os oferecidos pela Takahashi Advogados Associados a seus usu\u00e1rios por meio do Site.<\/p>\n<p>A aceita\u00e7\u00e3o deste Termo de Uso \u00e9 condi\u00e7\u00e3o indispens\u00e1vel para a utiliza\u00e7\u00e3o do nosso Site e de nossos Servi\u00e7os, portanto leia com aten\u00e7\u00e3o o presente Termo e certifique-se de que entendeu todas as condi\u00e7\u00f5es aqui estabelecidas. Caso voc\u00ea\u0302 n\u00e3o concorde com quaisquer dispositivos dos Termos de Uso, n\u00e3o acesse ou utilize o nosso Site ou nossos Servi\u00e7os.<\/p>\n<p>Em caso de d\u00favidas consulte a Se\u00e7\u00e3o \u201cContato\u201d abaixo.<\/p>\n<p><strong>Sobre o nosso Site<\/strong><\/p>\n<p>Nosso Site e Servi\u00e7os podem apresentar materiais que s\u00e3o integralmente ou parcialmente derivados de materiais fornecidos por e de propriedade da Takahashi Advogados Associados e outras fontes, tais como imagens, textos, dados, v\u00eddeos, imagens, marcas, logos, informa\u00e7\u00f5es diversas sobre a Takahashi Advogados Associados.<\/p>\n<p>As informa\u00e7\u00f5es disponibilizadas em nosso Site n\u00e3o s\u00e3o recomenda\u00e7\u00f5es jur\u00eddicas, s\u00e3o apenas materiais informativos, que versam sobre situa\u00e7\u00f5es gen\u00e9ricas e n\u00e3o devem ser considerados como opini\u00f5es ou pareceres legais. N\u00e3o nos responsabilizamos por prestar consultoria atuarial, cont\u00e1bil, consultoria de investimento, jur\u00eddica, tribut\u00e1ria ou qualquer outro tipo de assessoria profissional por meio dos Documentos disponibilizados. Caso necessite de mais informa\u00e7\u00f5es ou de recomenda\u00e7\u00f5es espec\u00edficas para o seu caso, consulte o contato em nosso Site.<\/p>\n<p><strong>Restri\u00e7\u00f5es de Uso<\/strong><\/p>\n<p>\u00c9 expressamente proibido, salvo com consentimento por escrito da Takahashi Advogados Associados, copiar, reproduzir, duplicar, modificar, adotar ou emprestar, vender ou transferir, no todo ou em parte, qualquer uma das informa\u00e7\u00f5es que constem em nosso Site, exceto para o prop\u00f3sito de acessar o nosso Site e nossos Servi\u00e7os e produzir impress\u00f5es para seu pr\u00f3prio uso pessoal.<\/p>\n<p><strong>Website de Terceiros<\/strong><\/p>\n<p>Os websites, ferramentas ou servi\u00e7os de terceiros referidos em nosso Site ou relacionados aos nossos Servi\u00e7os n\u00e3o s\u00e3o controlados pela Takahashi Advogados Associados. A Takahashi Advogados Associados n\u00e3o presta qualquer garantia ou condi\u00e7\u00f5es relacionadas a tais servi\u00e7os, websites ou ferramentas de terceiros e n\u00e3o ser\u00e1 respons\u00e1vel por quaisquer perdas ou danos causados pelo uso ou confian\u00e7a em tais servi\u00e7os, websites ou ferramentas de terceiros.<\/p>\n<p>O seu uso de servi\u00e7os, websites ou ferramentas de terceiros \u00e9 feito sob seu pr\u00f3prio risco e n\u00e3o implica em um aval da Takahashi Advogados Associados. No mais, quando voc\u00ea acessa quaisquer servi\u00e7os, websites ou ferramentas de terceiros, seus direitos e obriga\u00e7\u00f5es ser\u00e3o regidas pelos contratos e pol\u00edticas relacionadas ao uso daqueles servi\u00e7os, websites ou ferramentas de terceiros, inclusive no que tange o tratamento de seus Dados Pessoais.<\/p>\n<p><strong>Dados de menores<\/strong><\/p>\n<p>O nosso Site e Servi\u00e7os n\u00e3o foram formulados ou destinados ao uso de indiv\u00edduos menores de 12 (doze) anos e, portanto, se voc\u00ea for menor de 12 (doze) anos, solicitamos que voc\u00ea n\u00e3o use o nosso Site ou Servi\u00e7os tampouco nos forne\u00e7a qualquer informa\u00e7\u00e3o pessoal. Se voc\u00ea for maior de 12 (doze) anos e menor de 18 (dezoito) anos, a sua aceita\u00e7\u00e3o destes Termos de Uso deve ser manifestada com a assist\u00eancia ou representa\u00e7\u00e3o do seu respons\u00e1vel legal, nos termos da legisla\u00e7\u00e3o aplic\u00e1vel.<\/p>\n<p><strong>Limita\u00e7\u00f5es de responsabilidade<\/strong><\/p>\n<ul>\n<li>N\u00e3o oferecemos garantia de que o Servi\u00e7o e o Site estar\u00e3o sempre dispon\u00edveis ou poder\u00e3o ser acessados a todo momento, ou que este Site estar\u00e1 livre de erros, livre de v\u00edrus ou outros componentes destrutivos ou prejudiciais. O Servi\u00e7o pode estar temporariamente indispon\u00edvel, restrito ou suspenso por raz\u00f5es administrativas ou outras. N\u00f3s n\u00e3o aceitamos qualquer responsabilidade e n\u00e3o seremos respons\u00e1veis por qualquer perda ou dano decorrente de sua neglig\u00eancia ou mau uso dos Servi\u00e7os, ou em conex\u00e3o com qualquer interrup\u00e7\u00e3o, suspens\u00e3o ou perda de uso do Servi\u00e7o.<\/li>\n<li>Voc\u00ea reconhece que seu acesso ininterrupto ao Site e aos nossos Servi\u00e7os tamb\u00e9m pode ser impedido por certos fatores fora de nosso controle razo\u00e1vel (um &#8220;Evento de Interrup\u00e7\u00e3o do Servi\u00e7o&#8221;). O n\u00e3o cumprimento por n\u00f3s de nossas obriga\u00e7\u00f5es sob estes Termos n\u00e3o ser\u00e1 uma viola\u00e7\u00e3o destes Termos quando tal n\u00e3o-cumprimento resulte direta ou indiretamente de um Evento de Interrup\u00e7\u00e3o do Servi\u00e7o. N\u00e3o aceitaremos qualquer responsabilidade e n\u00e3o seremos respons\u00e1veis por nenhuma perda ou dano decorrente de ou em conex\u00e3o com qualquer Evento de Interrup\u00e7\u00e3o do Servi\u00e7o.<\/li>\n<\/ul>\n<ul>\n<li>Como j\u00e1 mencionado nestes termos de Uso qualquer conte\u00fado ou informa\u00e7\u00e3o dispon\u00edvel neste ou por meio deste site \u00e9 apenas para fins informativos. N\u00e3o nos responsabilizamos por prestar consultoria jur\u00eddica, tribut\u00e1ria ou qualquer outro tipo de assessoria profissional por meio deste site. A exatid\u00e3o, integridade, adequa\u00e7\u00e3o ou atualidade do conte\u00fado e de qualquer informa\u00e7\u00e3o dispon\u00edvel neste ou por meio deste site n\u00e3o \u00e9 garantida.<\/li>\n<\/ul>\n<ul>\n<li>N\u00e3o somos nem seremos respons\u00e1veis pela repara\u00e7\u00e3o de danos de qualquer natureza causados pela quebra de privacidade ou seguran\u00e7a de dados dos Usu\u00e1rios durante a conex\u00e3o de seu dispositivo m\u00f3vel a\u0300 internet por meio de servi\u00e7os oferecidos por terceiros.<\/li>\n<\/ul>\n<p><strong>Propriedade Intelectual<\/strong><\/p>\n<p>A Takahashi Advogados Associados \u00e9 detentora de todos as informa\u00e7\u00f5es disponibilizados no Site, assim como dos direitos autorais, direitos de propriedade intelectual, direitos conexos, marcas, logos, e quaisquer outros elementos protegidos pela legisla\u00e7\u00e3o brasileira, registrados ou n\u00e3o. Sendo assim, salvo com o consentimento expresso da Takahashi Advogados Associados, voc\u00ea n\u00e3o dever\u00e1 usar, copiar, reproduzir, ou de qualquer forma associar o nome, o logo ou a marca da Takahashi Advogados Associados com qualquer servi\u00e7o que n\u00e3o seja autorizado expressamente por n\u00f3s.<\/p>\n<p>No mais, a Takahashi Advogados Associados concede a seus Usu\u00e1rios a permiss\u00e3o para fazer o download, imprimir e armazenar temporariamente os nosso Documentos, desde que a finalidade seja para o seu pr\u00f3prio uso pessoal.<\/p>\n<p><strong>Prote\u00e7\u00e3o de Dados Pessoais<\/strong><\/p>\n<p>Em raz\u00e3o do uso deste site ou dos Servi\u00e7os, a Takahashi Advogados Associados poder\u00e1 coletar, armazenar, ou de outro modo tratar seus dados pessoais, nos termos da Lei Geral de Prote\u00e7\u00e3o de Dados Pessoais (Lei n\u00ba 13.709\/2018). O tratamento de seus dados pessoais pela Takahashi Advogados Associados, seus prestadores de servi\u00e7os ou parceiros ser\u00e1 regido pela nossa\u00a0<a href=\"https:\/\/takahashiadv.com.br\/index.php\/politica-de-privacidade\/\">Pol\u00edtica de Privacidade<\/a>\u00a0aqui incorporada por meio desta refer\u00eancia.<\/p>\n<p>A coleta, uso e compartilhamento, por parte da Takahashi Advogados Associados, de seus dados pessoais ser\u00e3o realizados nos termos determinados na\u00a0<a href=\"https:\/\/takahashiadv.com.br\/index.php\/politica-de-privacidade\/\">Pol\u00edtica de Privacidade<\/a>, raz\u00e3o pela qual voc\u00ea deve ler tal Pol\u00edtica com aten\u00e7\u00e3o e descontinuar o uso dos Servi\u00e7os caso n\u00e3o concorde com a descri\u00e7\u00e3o do tratamento.<\/p>\n<p><strong>Altera\u00e7\u00f5es relacionadas a esta Pol\u00edtica\u00a0<\/strong><\/p>\n<p>O Takahashi Advogados Associados se reserva o direito de alterar o presente Termo, bem como a introduzir modifica\u00e7\u00f5es e atualiza\u00e7\u00f5es no Site, nos Servi\u00e7os e demais funcionalidades disponibilizadas a qualquer tempo, a seu exclusivo crit\u00e9rio, que ser\u00e3o previamente informados ao Usu\u00e1rio, antes da sua entrada em vigor.<\/p>\n<p><strong>Disposi\u00e7\u00f5es Gerais<\/strong><\/p>\n<p>Todos os termos e condi\u00e7\u00f5es relacionados ao Servi\u00e7o est\u00e3o contidos nestes Termos de Uso. Nenhuma comunica\u00e7\u00e3o verbal que voc\u00ea possa ter conosco substituir\u00e1, prevalecer\u00e1 ou de qualquer forma alterar\u00e1 estes Termos ou qualquer parte deles, a menos que seja por n\u00f3s confirmado por escrito.<\/p>\n<p>Se qualquer disposi\u00e7\u00e3o contida nestes Termos de Uso for considerada inv\u00e1lida ou anulada por qualquer tribunal, estatuto, norma ou de outra forma, o restante destes Termos Uso n\u00e3o ser\u00e1 afetado.<\/p>\n<p><strong>Lei aplic\u00e1vel e Foro<\/strong><\/p>\n<p>Estes Termos de Uso ser\u00e3o regidos e interpretados de acordo com as leis vigentes no Brasil.<\/p>\n<p>As Leis e tribunais brasileiros ter\u00e3o jurisdi\u00e7\u00e3o exclusiva para resolver qualquer reclama\u00e7\u00e3o ou controv\u00e9rsia que surja sob ou em rela\u00e7\u00e3o a estes Termos.<\/p>\n<p><strong>Contato<\/strong><\/p>\n<p>Caso voc\u00ea tenha perguntas, coment\u00e1rios ou pedidos relativos a estes Termos de Uso, voc\u00ea pode entrar em contato conosco enviando um e-mail para\u00a0<a href=\"mailto:contato@takahashiadv.com.br\">contato@takahashiadv.com.br<\/a><\/p>\n<p><strong>\u00daltima atualiza\u00e7\u00e3o: 24 de julho, 2023<\/strong><\/div><\/div>\n","protected":false},"excerpt":{"rendered":"<p>\u200b Introdu\u00e7\u00e3o Seja bem-vindo(a)! O nosso site \u00e9 controlado e operado pela Takahashi Advogados Associados (\u201cTakahashi Advogados Associados\u201d, \u201cn\u00f3s\u201d, \u201cnos\u201d, \u201cnosso(a)\u201d, \u201cnossos(as)\u201d, \u201cconosco\u201d), uma sociedade constitu\u00edda sob as leis brasileiras, com sua sede na Cidade de Corn\u00e9lio Proc\u00f3pio, Estado do Paran\u00e1, na Avenida Minas Gerais, 580 &#8211; Centro, inscrito no Cadastro Nacional da Pessoa Jur\u00eddica&#8230;<\/p>\n","protected":false},"author":1,"featured_media":0,"parent":0,"menu_order":0,"comment_status":"closed","ping_status":"closed","template":"","meta":{"_joinchat":[],"footnotes":""},"class_list":["post-13330","page","type-page","status-publish","hentry"],"yoast_head":"<!-- This site is optimized with the Yoast SEO plugin v26.5 - https:\/\/yoast.com\/wordpress\/plugins\/seo\/ -->\n<title>Termos de Uso - Takahashi Advogados Associados<\/title>\n<meta name=\"robots\" content=\"index, follow, max-snippet:-1, max-image-preview:large, max-video-preview:-1\" \/>\n<link rel=\"canonical\" href=\"https:\/\/takahashiadv.com.br\/index.php\/termos-de-uso\/\" \/>\n<meta property=\"og:locale\" content=\"pt_BR\" \/>\n<meta property=\"og:type\" content=\"article\" \/>\n<meta property=\"og:title\" content=\"Termos de Uso - Takahashi Advogados Associados\" \/>\n<meta property=\"og:description\" content=\"\u200b Introdu\u00e7\u00e3o Seja bem-vindo(a)! O nosso site \u00e9 controlado e operado pela Takahashi Advogados Associados (\u201cTakahashi Advogados Associados\u201d, \u201cn\u00f3s\u201d, \u201cnos\u201d, \u201cnosso(a)\u201d, \u201cnossos(as)\u201d, \u201cconosco\u201d), uma sociedade constitu\u00edda sob as leis brasileiras, com sua sede na Cidade de Corn\u00e9lio Proc\u00f3pio, Estado do Paran\u00e1, na Avenida Minas Gerais, 580 &#8211; Centro, inscrito no Cadastro Nacional da Pessoa Jur\u00eddica...\" \/>\n<meta property=\"og:url\" content=\"https:\/\/takahashiadv.com.br\/index.php\/termos-de-uso\/\" \/>\n<meta property=\"og:site_name\" content=\"Takahashi Advogados Associados\" \/>\n<meta property=\"article:publisher\" content=\"https:\/\/www.facebook.com\/takahashiadvogados\" \/>\n<meta property=\"article:modified_time\" content=\"2023-07-25T00:38:40+00:00\" \/>\n<meta name=\"twitter:card\" content=\"summary_large_image\" \/>\n<meta name=\"twitter:label1\" content=\"Est. tempo de leitura\" \/>\n\t<meta name=\"twitter:data1\" content=\"7 minutos\" \/>\n<script type=\"application\/ld+json\" class=\"yoast-schema-graph\">{\"@context\":\"https:\/\/schema.org\",\"@graph\":[{\"@type\":\"WebPage\",\"@id\":\"https:\/\/takahashiadv.com.br\/index.php\/termos-de-uso\/\",\"url\":\"https:\/\/takahashiadv.com.br\/index.php\/termos-de-uso\/\",\"name\":\"Termos de Uso - Takahashi Advogados Associados\",\"isPartOf\":{\"@id\":\"https:\/\/takahashiadv.com.br\/#website\"},\"datePublished\":\"2023-07-25T00:34:40+00:00\",\"dateModified\":\"2023-07-25T00:38:40+00:00\",\"breadcrumb\":{\"@id\":\"https:\/\/takahashiadv.com.br\/index.php\/termos-de-uso\/#breadcrumb\"},\"inLanguage\":\"pt-BR\",\"potentialAction\":[{\"@type\":\"ReadAction\",\"target\":[\"https:\/\/takahashiadv.com.br\/index.php\/termos-de-uso\/\"]}]},{\"@type\":\"BreadcrumbList\",\"@id\":\"https:\/\/takahashiadv.com.br\/index.php\/termos-de-uso\/#breadcrumb\",\"itemListElement\":[{\"@type\":\"ListItem\",\"position\":1,\"name\":\"In\u00edcio\",\"item\":\"https:\/\/takahashiadv.com.br\/\"},{\"@type\":\"ListItem\",\"position\":2,\"name\":\"Termos de Uso\"}]},{\"@type\":\"WebSite\",\"@id\":\"https:\/\/takahashiadv.com.br\/#website\",\"url\":\"https:\/\/takahashiadv.com.br\/\",\"name\":\"Takahashi Advogados Associados\",\"description\":\"Escrit\u00f3rio de Advocacia\",\"publisher\":{\"@id\":\"https:\/\/takahashiadv.com.br\/#organization\"},\"potentialAction\":[{\"@type\":\"SearchAction\",\"target\":{\"@type\":\"EntryPoint\",\"urlTemplate\":\"https:\/\/takahashiadv.com.br\/?s={search_term_string}\"},\"query-input\":{\"@type\":\"PropertyValueSpecification\",\"valueRequired\":true,\"valueName\":\"search_term_string\"}}],\"inLanguage\":\"pt-BR\"},{\"@type\":\"Organization\",\"@id\":\"https:\/\/takahashiadv.com.br\/#organization\",\"name\":\"Takahashi Advogados Associados\",\"alternateName\":\"Takahashi Advogados\",\"url\":\"https:\/\/takahashiadv.com.br\/\",\"logo\":{\"@type\":\"ImageObject\",\"inLanguage\":\"pt-BR\",\"@id\":\"https:\/\/takahashiadv.com.br\/#\/schema\/logo\/image\/\",\"url\":\"https:\/\/takahashiadv.com.br\/wp-content\/uploads\/2019\/01\/cropped-logo-ICONE.png\",\"contentUrl\":\"https:\/\/takahashiadv.com.br\/wp-content\/uploads\/2019\/01\/cropped-logo-ICONE.png\",\"width\":512,\"height\":512,\"caption\":\"Takahashi Advogados Associados\"},\"image\":{\"@id\":\"https:\/\/takahashiadv.com.br\/#\/schema\/logo\/image\/\"},\"sameAs\":[\"https:\/\/www.facebook.com\/takahashiadvogados\",\"https:\/\/www.instagram.com\/takahashiadvogados\/\",\"https:\/\/www.linkedin.com\/in\/takahashi-advogados-associados-a41b26374\/\"]}]}<\/script>\n<!-- \/ Yoast SEO plugin. -->","yoast_head_json":{"title":"Termos de Uso - Takahashi Advogados Associados","robots":{"index":"index","follow":"follow","max-snippet":"max-snippet:-1","max-image-preview":"max-image-preview:large","max-video-preview":"max-video-preview:-1"},"canonical":"https:\/\/takahashiadv.com.br\/index.php\/termos-de-uso\/","og_locale":"pt_BR","og_type":"article","og_title":"Termos de Uso - Takahashi Advogados Associados","og_description":"\u200b Introdu\u00e7\u00e3o Seja bem-vindo(a)! O nosso site \u00e9 controlado e operado pela Takahashi Advogados Associados (\u201cTakahashi Advogados Associados\u201d, \u201cn\u00f3s\u201d, \u201cnos\u201d, \u201cnosso(a)\u201d, \u201cnossos(as)\u201d, \u201cconosco\u201d), uma sociedade constitu\u00edda sob as leis brasileiras, com sua sede na Cidade de Corn\u00e9lio Proc\u00f3pio, Estado do Paran\u00e1, na Avenida Minas Gerais, 580 &#8211; Centro, inscrito no Cadastro Nacional da Pessoa Jur\u00eddica...","og_url":"https:\/\/takahashiadv.com.br\/index.php\/termos-de-uso\/","og_site_name":"Takahashi Advogados Associados","article_publisher":"https:\/\/www.facebook.com\/takahashiadvogados","article_modified_time":"2023-07-25T00:38:40+00:00","twitter_card":"summary_large_image","twitter_misc":{"Est. tempo de leitura":"7 minutos"},"schema":{"@context":"https:\/\/schema.org","@graph":[{"@type":"WebPage","@id":"https:\/\/takahashiadv.com.br\/index.php\/termos-de-uso\/","url":"https:\/\/takahashiadv.com.br\/index.php\/termos-de-uso\/","name":"Termos de Uso - Takahashi Advogados Associados","isPartOf":{"@id":"https:\/\/takahashiadv.com.br\/#website"},"datePublished":"2023-07-25T00:34:40+00:00","dateModified":"2023-07-25T00:38:40+00:00","breadcrumb":{"@id":"https:\/\/takahashiadv.com.br\/index.php\/termos-de-uso\/#breadcrumb"},"inLanguage":"pt-BR","potentialAction":[{"@type":"ReadAction","target":["https:\/\/takahashiadv.com.br\/index.php\/termos-de-uso\/"]}]},{"@type":"BreadcrumbList","@id":"https:\/\/takahashiadv.com.br\/index.php\/termos-de-uso\/#breadcrumb","itemListElement":[{"@type":"ListItem","position":1,"name":"In\u00edcio","item":"https:\/\/takahashiadv.com.br\/"},{"@type":"ListItem","position":2,"name":"Termos de Uso"}]},{"@type":"WebSite","@id":"https:\/\/takahashiadv.com.br\/#website","url":"https:\/\/takahashiadv.com.br\/","name":"Takahashi Advogados Associados","description":"Escrit\u00f3rio de Advocacia","publisher":{"@id":"https:\/\/takahashiadv.com.br\/#organization"},"potentialAction":[{"@type":"SearchAction","target":{"@type":"EntryPoint","urlTemplate":"https:\/\/takahashiadv.com.br\/?s={search_term_string}"},"query-input":{"@type":"PropertyValueSpecification","valueRequired":true,"valueName":"search_term_string"}}],"inLanguage":"pt-BR"},{"@type":"Organization","@id":"https:\/\/takahashiadv.com.br\/#organization","name":"Takahashi Advogados Associados","alternateName":"Takahashi Advogados","url":"https:\/\/takahashiadv.com.br\/","logo":{"@type":"ImageObject","inLanguage":"pt-BR","@id":"https:\/\/takahashiadv.com.br\/#\/schema\/logo\/image\/","url":"https:\/\/takahashiadv.com.br\/wp-content\/uploads\/2019\/01\/cropped-logo-ICONE.png","contentUrl":"https:\/\/takahashiadv.com.br\/wp-content\/uploads\/2019\/01\/cropped-logo-ICONE.png","width":512,"height":512,"caption":"Takahashi Advogados Associados"},"image":{"@id":"https:\/\/takahashiadv.com.br\/#\/schema\/logo\/image\/"},"sameAs":["https:\/\/www.facebook.com\/takahashiadvogados","https:\/\/www.instagram.com\/takahashiadvogados\/","https:\/\/www.linkedin.com\/in\/takahashi-advogados-associados-a41b26374\/"]}]}},"_links":{"self":[{"href":"https:\/\/takahashiadv.com.br\/index.php\/wp-json\/wp\/v2\/pages\/13330","targetHints":{"allow":["GET"]}}],"collection":[{"href":"https:\/\/takahashiadv.com.br\/index.php\/wp-json\/wp\/v2\/pages"}],"about":[{"href":"https:\/\/takahashiadv.com.br\/index.php\/wp-json\/wp\/v2\/types\/page"}],"author":[{"embeddable":true,"href":"https:\/\/takahashiadv.com.br\/index.php\/wp-json\/wp\/v2\/users\/1"}],"replies":[{"embeddable":true,"href":"https:\/\/takahashiadv.com.br\/index.php\/wp-json\/wp\/v2\/comments?post=13330"}],"version-history":[{"count":2,"href":"https:\/\/takahashiadv.com.br\/index.php\/wp-json\/wp\/v2\/pages\/13330\/revisions"}],"predecessor-version":[{"id":13332,"href":"https:\/\/takahashiadv.com.br\/index.php\/wp-json\/wp\/v2\/pages\/13330\/revisions\/13332"}],"wp:attachment":[{"href":"https:\/\/takahashiadv.com.br\/index.php\/wp-json\/wp\/v2\/media?parent=13330"}],"curies":[{"name":"wp","href":"https:\/\/api.w.org\/{rel}","templated":true}]}}