{"id":17262,"date":"2024-10-14T09:15:27","date_gmt":"2024-10-14T12:15:27","guid":{"rendered":"https:\/\/takahashiadv.com.br\/?page_id=17262"},"modified":"2025-08-19T18:14:24","modified_gmt":"2025-08-19T21:14:24","slug":"privacidade","status":"publish","type":"page","link":"https:\/\/takahashiadv.com.br\/index.php\/privacidade\/","title":{"rendered":"Privacidade"},"content":{"rendered":"<div class=\"row \"><div class=\"wpv-grid grid-1-1  wpv-first-level first unextended\" style=\"padding-top:0px;padding-bottom:0px\" id=\"wpv-column-f5914ce26fed8dd8b2904abf5ddb7790\" ><div class=\"row \"><div class=\"wpv-grid grid-1-1  first unextended\" style=\"padding-top:0px;padding-bottom:0px\" id=\"wpv-column-46cae262b091bc7043f761db026741d6\" ><div class=\"row \"><div class=\"wpv-grid grid-1-1  first unextended\" style=\"padding-top:0px;padding-bottom:0px\" id=\"wpv-column-b9e992127ef6dd5fcc8c5ce55a40a6de\" ><p><strong>POL\u00cdTICA DE PRIVACIDADE E PROTE\u00c7\u00c3O DE DADOS PESSOAIS\u00a0<\/strong><\/p>\n<hr \/>\n<p><strong>1 \u2013 O QUE VOC\u00ca PRECISA SABER PARA ENTENDER ESTA POL\u00cdTICA?<\/strong><\/p>\n<p>Para facilitar a leitura desta Pol\u00edtica, informamos algumas defini\u00e7\u00f5es \u00fateis para o seu completo entendimento:<\/p>\n<p>Utilizaremos os termos \u201cn\u00f3s\u201d, \u201cnosso\u201d e \u201cnossa\u201d para nos referirmos ao nosso time e a qualquer membro da Takahashi Advogados Associados, o que inclui s\u00f3cios, associados, estagi\u00e1rios, parceiros de neg\u00f3cio, funcion\u00e1rios e outros membros diretamente relacionados conosco.<\/p>\n<p>Utilizaremos ainda, \u201cvoc\u00ea\u201d, \u201cseu\u201d e \u201csua\u201d e outros termos semelhantes para nos referirmos aos nossos clientes, indiv\u00edduos relacionados aos nossos clientes, contatos, fornecedores, parceiros de neg\u00f3cios, candidatos a vagas de emprego, profissionais do nosso time e visitantes do site da Takahashi Advogados Associados.<\/p>\n<p>\u201cDados Pessoais\u201d s\u00e3o todas as informa\u00e7\u00f5es que permitem a sua identifica\u00e7\u00e3o. Como por exemplo: seu nome, CPF, e-mail, telefone, entre outros.<\/p>\n<p>\u201cDados Pessoais Sens\u00edveis\u201d s\u00e3o informa\u00e7\u00f5es relacionadas \u00e0 origem racial ou \u00e9tnica, convic\u00e7\u00e3o religiosa, opini\u00e3o pol\u00edtica, filia\u00e7\u00e3o a sindicato ou a organiza\u00e7\u00e3o de car\u00e1ter religioso, filos\u00f3fico ou pol\u00edtico, dado referente \u00e0 sa\u00fade ou \u00e0 vida sexual, dado gen\u00e9tico ou biom\u00e9trico, quando vinculados a voc\u00ea.\u00a0<strong>Esse tipo de dado \u00e9 tratado pela Takahashi Advogados Associados apenas em circunst\u00e2ncias limitadas e excepcionais, para fins legais e regulamentares ou mediante o seu consentimento, para uma finalidade espec\u00edfica, claramente informada.<\/strong><\/p>\n<p>\u201cTitular\u201d do dado \u00e9 a pessoa natural a quem se referem os Dados Pessoais que s\u00e3o objeto de Tratamento pela Takahashi Advogados Associados.<\/p>\n<p>\u201cTratamento\u201d \u00e9 toda atividade realizada com os Dados Pessoais, como a coleta, produ\u00e7\u00e3o, recep\u00e7\u00e3o, classifica\u00e7\u00e3o, utiliza\u00e7\u00e3o, acesso, reprodu\u00e7\u00e3o, transmiss\u00e3o, distribui\u00e7\u00e3o, processamento, arquivamento, armazenamento, elimina\u00e7\u00e3o, avalia\u00e7\u00e3o ou controle da informa\u00e7\u00e3o, modifica\u00e7\u00e3o, comunica\u00e7\u00e3o, transfer\u00eancia, difus\u00e3o ou extra\u00e7\u00e3o.<\/p>\n<p>\u201cControlador\u201d dos Dados Pessoais \u00e9 a pessoa natural ou jur\u00eddica, de direito p\u00fablico ou privado, a quem competem as decis\u00f5es referentes ao Tratamento de Dados Pessoais.<\/p>\n<p>\u201cOperador\u201d \u00e9 a pessoa natural ou jur\u00eddica, de direito p\u00fablico ou privado, que realiza o Tratamento dos Dados Pessoais em nome do Controlador.<\/p>\n<p><a href=\"https:\/\/www.gov.br\/anpd\/pt-br\">Autoridade Nacional de Prote\u00e7\u00e3o de Dados (ANPD)<\/a> \u00e9 \u00f3rg\u00e3o da administra\u00e7\u00e3o p\u00fablica respons\u00e1vel por zelar, implementar e fiscalizar o cumprimento da Lei Geral de Prote\u00e7\u00e3o de Dados, LGPD, (Lei n\u00ba 13.709\/18) em todo o territ\u00f3rio nacional.<\/p>\n<hr \/>\n<p><strong>2 \u2013 QUAIS TIPOS DE DADOS PESSOAIS S\u00c3O TRATADOS PELA TAKAHASHI ADVOGADOS ASSOCIADOS?<\/strong><\/p>\n<p>A Takahashi Advogados Associados coleta e trata apenas os Dados Pessoais necess\u00e1rios para a execu\u00e7\u00e3o de suas atividades, sempre respeitando os limites permitidos pela legisla\u00e7\u00e3o aplic\u00e1vel e \u00e0 privacidade do Titular.<\/p>\n<p>Neste contexto, s\u00e3o exemplos de Dados Pessoais tratados no \u00e2mbito de sua atua\u00e7\u00e3o:<\/p>\n<p>Dados cadastrais e de contato:\u00a0nome, endere\u00e7o, telefone\/celular, e-mail, dados de documentos de identifica\u00e7\u00e3o gerados por \u00f3rg\u00e3os oficiais (RG, CPF, CNH, OAB, PIS\/PASEP, CTPS, NIS, NIT, CEI, CNH, conforme aplic\u00e1vel), data de nascimento, filia\u00e7\u00e3o, nacionalidade, naturalidade, estado civil, idade, g\u00eanero, local de nascimento;<\/p>\n<p>Informa\u00e7\u00f5es profissionais:\u00a0cargo, \u00e1rea, empresa, telefone\/celular comercial, e-mail, endere\u00e7o comercial, carta de refer\u00eancia, hist\u00f3rico profissional;<\/p>\n<p>Dados Sens\u00edveis:\u00a0exame m\u00e9dico admissional, exame m\u00e9dico peri\u00f3dico, exame m\u00e9dico demissional, informa\u00e7\u00f5es sobre limita\u00e7\u00e3o de locomo\u00e7\u00e3o, biometria, entre outros;<\/p>\n<p>Escolaridade:\u00a0cursos, certifica\u00e7\u00f5es, licen\u00e7as, hist\u00f3rico acad\u00eamico;<\/p>\n<p>Dados banc\u00e1rios\/financeiros:\u00a0banco, ag\u00eancia, conta, certid\u00e3o de d\u00e9bitos, cr\u00e9ditos, empr\u00e9stimos, sal\u00e1rio, rendimentos, entre outros;<\/p>\n<p>Dados de identifica\u00e7\u00e3o digital: endere\u00e7o IP, porta l\u00f3gica de origem, data, hora e fuso hor\u00e1rio do acesso, hist\u00f3rico de p\u00e1ginas visitadas no site da Takahashi Advogados Associados , entre outros;<\/p>\n<p>Dados de crian\u00e7as e adolescentes: nome, data de nascimento, entre outros.<\/p>\n<hr \/>\n<p><strong>3 \u2013 PARA QUAIS FINALIDADES OS DADOS PESSOAIS S\u00c3O UTILIZADOS?<\/strong><\/p>\n<p>A Takahashi Advogados Associados realiza a coleta e o Tratamento dos seus Dados Pessoais mediante o seu consentimento, quando aplic\u00e1vel, ou, ainda, para o cumprimento de obriga\u00e7\u00f5es legais, regulat\u00f3rias, contratuais, entre outras.<\/p>\n<p>De modo geral, tratamos Dados Pessoais, incluindo, mas n\u00e3o se limitando \u00e0s seguintes finalidades:<\/p>\n<p>Dados de Clientes\u00a0s\u00e3o utilizados para viabilizar a comunica\u00e7\u00e3o, gerenciar todas as etapas envolvidas no relacionamento e prestar os servi\u00e7os contratados;<\/p>\n<p>Dados fornecidos pelos Clientes\u00a0s\u00e3o necess\u00e1rios para prover a presta\u00e7\u00e3o dos servi\u00e7os jur\u00eddicos contratados nas diversas \u00e1reas e especialidades do Direito;<\/p>\n<p>Dados de parceiros de neg\u00f3cio\u00a0s\u00e3o necess\u00e1rios para viabilizar a intermedia\u00e7\u00e3o de neg\u00f3cios nos termos das parcerias firmadas;<\/p>\n<p>Dados de fornecedores\u00a0de bens e servi\u00e7os s\u00e3o utilizados para viabilizar os contratos firmados com o Escrit\u00f3rio;<\/p>\n<p>Dados dos nossos profissionais\u00a0s\u00e3o necess\u00e1rios para a realiza\u00e7\u00e3o de treinamentos, a\u00e7\u00f5es de engajamento, a\u00e7\u00f5es de endomarketing, atua\u00e7\u00e3o pro bono, realiza\u00e7\u00e3o de reuni\u00f5es, videoconfer\u00eancias ou confer\u00eancias telef\u00f4nicas, entre outras a\u00e7\u00f5es institucionais. Sinteticamente, tais dados s\u00e3o tratados para o cumprimento dos contratos pactuados, para cumprir com as obriga\u00e7\u00f5es legais e para atender aos nossos leg\u00edtimos interesses;<\/p>\n<p>Dados de candidatos\u00a0s\u00e3o coletados para viabilizar o processo de sele\u00e7\u00e3o de novos profissionais;<\/p>\n<p>Dados de usu\u00e1rios do website da Takahashi Advogados Associados s\u00e3o coletados para viabilizar a utiliza\u00e7\u00e3o do nosso site ou para permitir o contato com a Takahashi Advogados Associados ;<\/p>\n<p>Dados de terceiros participantes de webinars, eventos e palestras s\u00e3o utilizados, conforme necess\u00e1rio, para a realiza\u00e7\u00e3o do evento e outras finalidades deles decorrentes;<\/p>\n<p>Dados sens\u00edveis podem ser coletados para o cumprimento de obriga\u00e7\u00f5es legais e regulat\u00f3rias e, ainda, para viabilizar os procedimentos exigidos para a concess\u00e3o e manuten\u00e7\u00e3o de benef\u00edcios, para garantir o acesso facilitado \u00e0s depend\u00eancias do escrit\u00f3rio, entre outros;<\/p>\n<p>Dados de menores podem ser coletados para a\u00e7\u00f5es de engajamento e endomarketing para os profissionais do escrit\u00f3rio.<\/p>\n<hr \/>\n<p><strong>4 \u2013 QUEM \u00c9 O CONTROLADOR DOS DADOS?<\/strong><\/p>\n<p>A Takahashi Advogados Associados \u00e9 o Controlador dos seus Dados Pessoais pois cabe a n\u00f3s as decis\u00f5es sobre o Tratamento, sempre em estrita observ\u00e2ncia \u00e0 LGPD e \u00e0s demais normas aplic\u00e1veis.<\/p>\n<hr \/>\n<p><strong>5 \u2013 COM QUEM COMPARTILHAMOS OS SEUS DADOS?<\/strong><\/p>\n<p>A Takahashi Advogados Associados somente compartilhar\u00e1 os seus Dados Pessoais mediante o seu consentimento ou diante de permiss\u00e3o ou obriga\u00e7\u00e3o prevista na legisla\u00e7\u00e3o vigente.<\/p>\n<p>Neste contexto, os Dados Pessoais tratados no \u00e2mbito das nossas atividades podem vir a ser compartilhados ou transferidos a terceiros, no Brasil ou no exterior, nas seguintes situa\u00e7\u00f5es:<\/p>\n<ul>\n<li>Prestadores de servi\u00e7os contratados para atuar em nome do escrit\u00f3rio fornecendo suporte a determinadas atividades e opera\u00e7\u00f5es, como, por exemplo, softwares, provedores de sistemas de TI, provedores de servi\u00e7os em nuvem, servi\u00e7os relacionados \u00e0 folha de pagamentos e recursos humanos, dentre outros. Nossos prestadores de servi\u00e7os e Operadores possuem obriga\u00e7\u00e3o contratual de resguardar quaisquer Dados Pessoais que venham a ser compartilhados pela Takahashi Advogados Associados ;<\/li>\n<li>Presta\u00e7\u00e3o de informa\u00e7\u00f5es requeridas por Auditorias, Autoridades administrativas e judiciais;<\/li>\n<li>Parceiros de neg\u00f3cios e Filiais do escrit\u00f3rio, em virtude de relacionamentos de colabora\u00e7\u00e3o.<\/li>\n<\/ul>\n<p>Nessas hip\u00f3teses, a Takahashi Advogados Associados se compromete a adotar as medidas necess\u00e1rias \u00e0 prote\u00e7\u00e3o dos Dados Pessoais e compartilh\u00e1-los na estrita propor\u00e7\u00e3o necess\u00e1ria ao cumprimento da respectiva finalidade ou atendimento da respectiva ordem espec\u00edfica, conforme o caso.<\/p>\n<hr \/>\n<p><strong>6 \u2013 TRANSFER\u00caNCIA INTERNACIONAL DE DADOS<\/strong><\/p>\n<p>A Takahashi Advogados Associados utiliza o suporte de infraestruturas tecnol\u00f3gicas que podem ser estabelecidas fora do Brasil, como servidores, servi\u00e7os em nuvem (cloud), softwares, entre outros que podem ser de propriedade ou fornecidos por terceiros.<\/p>\n<p>Nessas hip\u00f3teses, a Takahashi Advogados Associados somente estabelecer\u00e1 rela\u00e7\u00f5es contratuais com Operadores terceiros que atendam aos mais altos padr\u00f5es de seguran\u00e7a, pelo menos, no mesmo n\u00edvel de prote\u00e7\u00e3o de Dados Pessoais adequados \u00e0 legisla\u00e7\u00e3o brasileira.<\/p>\n<hr \/>\n<p><strong>7. COMO PROTEGEMOS SEUS DADOS?<\/strong><\/p>\n<p>A Takahashi Advogados Associados tem o compromisso com a melhoria cont\u00ednua de suas medidas t\u00e9cnicas e organizacionais de seguran\u00e7a para proteger seus Dados Pessoais de acessos indevidos, situa\u00e7\u00f5es acidentais ou il\u00edcitas de destrui\u00e7\u00e3o, perda, altera\u00e7\u00e3o, comunica\u00e7\u00e3o ou qualquer forma de Tratamento inadequado ou il\u00edcito.<\/p>\n<p>Contudo, apesar de adotarmos pr\u00e1ticas de seguran\u00e7a compat\u00edveis com o mercado e empenharmos nossos melhores esfor\u00e7os para proteger os seus Dados Pessoais, deve-se considerar que nenhum Tratamento de Dados Pessoais \u00e9 completamente seguro e \u00e0 prova de falhas.<\/p>\n<p>Em caso de qualquer d\u00favida em rela\u00e7\u00e3o a esta Pol\u00edtica ou solicita\u00e7\u00f5es sobre o Tratamento dos seus Dados Pessoais, entre em contato diretamente com o nosso Encarregado de Dados pelo e-mail <strong>contato@takahashiadv.com.br<\/strong><\/p>\n<hr \/>\n<p><strong>8 \u2013 POR QUANTO TEMPO ARMAZENAMOS SEUS DADOS?<\/strong><\/p>\n<p>A Takahashi Advogados Associados armazenar\u00e1 seus Dados Pessoais apenas pelo tempo necess\u00e1rio para cumprir os prop\u00f3sitos para os quais os coletamos. Isso inclui, por exemplo, os prop\u00f3sitos de atender a quaisquer requisitos legais, regulat\u00f3rios, cont\u00e1beis, de relat\u00f3rios, para realizar trabalhos jur\u00eddicos, para o exerc\u00edcio regular de direitos em processo judicial, administrativo ou arbitral; ou para outras finalidades previstas pela LGPD.<\/p>\n<p>Para determinar o per\u00edodo de reten\u00e7\u00e3o apropriado para os Dados Pessoais, consideramos a quantidade, natureza e sensibilidade dos dados pessoais, os prop\u00f3sitos para os quais tratamos tais dados e os requisitos legais aplic\u00e1veis.<\/p>\n<p>Durante esse per\u00edodo, a Takahashi Advogados Associados adotar\u00e1 as medidas necess\u00e1rias para manter seus Dados Pessoais protegidos, em ambientes seguros e controlados, respeitando a legisla\u00e7\u00e3o vigente.<\/p>\n<hr \/>\n<p><strong>9 \u2013 COLETA E USO DE COOKIES<\/strong><\/p>\n<p><strong>O que s\u00e3o Cookies?<\/strong><\/p>\n<p>Cookies s\u00e3o arquivos de texto contendo pequenas quantidades de informa\u00e7\u00f5es que s\u00e3o baixadas para o seu dispositivo (por exemplo, computador, smartphone, dispositivo eletr\u00f4nico que acessa a Internet) quando voc\u00ea visita um site. Os cookies podem armazenar certas<\/p>\n<hr \/>\n<p><strong>10 \u2013 WEBSITES DE TERCEIROS<\/strong><\/p>\n<p>Nosso site pode incluir links para sites, plug-ins e aplicativos de terceiros para melhorar sua experi\u00eancia e consulta \u00e0s informa\u00e7\u00f5es. Ao clicar nesses links ou habilitar essas conex\u00f5es, voc\u00ea pode permitir que terceiros coletem ou compartilhem seus Dados Pessoais. Fique atento, pois a Takahashi Advogados Associados n\u00e3o controla sites de terceiros e n\u00e3o \u00e9 respons\u00e1vel pelas pr\u00e1ticas de privacidade e confidencialidade ali utilizadas. Ao sair do nosso site, recomendamos que voc\u00ea leia a pol\u00edtica de privacidade de todos os sites que visitar.<\/p>\n<section class=\"section section-image\">\n<div class=\"wrapper-image\"><\/div>\n<\/section>\n<section class=\"section section-text \">\n<div class=\"wrapper-center\">\n<div class=\"box\">\n<div class=\"description\">\n<hr \/>\n<p><strong>11 \u2013 COMO VOC\u00ca PODE ENTRAR EM CONTATO CONOSCO?<\/strong><\/p>\n<p>Em caso de qualquer d\u00favida em rela\u00e7\u00e3o a esta Pol\u00edtica ou solicita\u00e7\u00f5es para o exerc\u00edcio de seus direitos, voc\u00ea poder\u00e1 entrar em contato diretamente com nosso Encarregado de Prote\u00e7\u00e3o de Dados por meio do e-mail <strong>contato@takahashiadv.com.br<\/strong><\/p>\n<hr \/>\n<p><strong>12 \u2013 ATUALIZA\u00c7\u00d5ES DESTA POL\u00cdTICA<\/strong><\/p>\n<p>A Takahashi Advogados Associados reserva-se o direito de alterar ou ajustar esta Pol\u00edtica a qualquer momento. Recomendamos que voc\u00ea a verifique periodicamente, sempre que poss\u00edvel, atrav\u00e9s deste endere\u00e7o eletr\u00f4nico.<\/p>\n<p><strong>CONTATO DO DPO &#8211;<\/strong> Nosso encarregado de dados, respons\u00e1vel pela condu\u00e7\u00e3o e orienta\u00e7\u00e3o do escrit\u00f3rio, visando a conformidade com as normas de prote\u00e7\u00e3o de dados, \u00e9 o Sr. Douglas, que pode ser acessado atrav\u00e9s do e-mail <strong>contato@takahashiadv.com.br<\/strong><\/p>\n<\/div>\n<\/div>\n<\/div>\n<\/section><\/div><\/div>\n<div class=\"push\" style='height:30px'><\/div><\/div><\/div><\/div><\/div>\n<div class=\"row \"><div class=\"wpv-grid grid-1-1  wpv-first-level first unextended\" style=\"padding-top:0px;padding-bottom:0px\" id=\"wpv-column-5fb01d2cfd1733061274450ae0c45165\" ><\/div><\/div>\n","protected":false},"excerpt":{"rendered":"<p>POL\u00cdTICA DE PRIVACIDADE E PROTE\u00c7\u00c3O DE DADOS PESSOAIS\u00a0 1 \u2013 O QUE VOC\u00ca PRECISA SABER PARA ENTENDER ESTA POL\u00cdTICA? Para facilitar a leitura desta Pol\u00edtica, informamos algumas defini\u00e7\u00f5es \u00fateis para o seu completo entendimento: Utilizaremos os termos \u201cn\u00f3s\u201d, \u201cnosso\u201d e \u201cnossa\u201d para nos referirmos ao nosso time e a qualquer membro da Takahashi Advogados Associados,&#8230;<\/p>\n","protected":false},"author":1,"featured_media":0,"parent":0,"menu_order":0,"comment_status":"closed","ping_status":"closed","template":"","meta":{"_joinchat":[],"footnotes":""},"class_list":["post-17262","page","type-page","status-publish","hentry"],"yoast_head":"<!-- This site is optimized with the Yoast SEO plugin v26.5 - https:\/\/yoast.com\/wordpress\/plugins\/seo\/ -->\n<title>Privacidade - Takahashi Advogados Associados<\/title>\n<meta name=\"robots\" content=\"index, follow, max-snippet:-1, max-image-preview:large, max-video-preview:-1\" \/>\n<link rel=\"canonical\" href=\"https:\/\/takahashiadv.com.br\/index.php\/privacidade\/\" \/>\n<meta property=\"og:locale\" content=\"pt_BR\" \/>\n<meta property=\"og:type\" content=\"article\" \/>\n<meta property=\"og:title\" content=\"Privacidade - Takahashi Advogados Associados\" \/>\n<meta property=\"og:description\" content=\"POL\u00cdTICA DE PRIVACIDADE E PROTE\u00c7\u00c3O DE DADOS PESSOAIS\u00a0 1 \u2013 O QUE VOC\u00ca PRECISA SABER PARA ENTENDER ESTA POL\u00cdTICA? Para facilitar a leitura desta Pol\u00edtica, informamos algumas defini\u00e7\u00f5es \u00fateis para o seu completo entendimento: Utilizaremos os termos \u201cn\u00f3s\u201d, \u201cnosso\u201d e \u201cnossa\u201d para nos referirmos ao nosso time e a qualquer membro da Takahashi Advogados Associados,...\" \/>\n<meta property=\"og:url\" content=\"https:\/\/takahashiadv.com.br\/index.php\/privacidade\/\" \/>\n<meta property=\"og:site_name\" content=\"Takahashi Advogados Associados\" \/>\n<meta property=\"article:publisher\" content=\"https:\/\/www.facebook.com\/takahashiadvogados\" \/>\n<meta property=\"article:modified_time\" content=\"2025-08-19T21:14:24+00:00\" \/>\n<meta name=\"twitter:card\" content=\"summary_large_image\" \/>\n<meta name=\"twitter:label1\" content=\"Est. tempo de leitura\" \/>\n\t<meta name=\"twitter:data1\" content=\"10 minutos\" \/>\n<script type=\"application\/ld+json\" class=\"yoast-schema-graph\">{\"@context\":\"https:\/\/schema.org\",\"@graph\":[{\"@type\":\"WebPage\",\"@id\":\"https:\/\/takahashiadv.com.br\/index.php\/privacidade\/\",\"url\":\"https:\/\/takahashiadv.com.br\/index.php\/privacidade\/\",\"name\":\"Privacidade - Takahashi Advogados Associados\",\"isPartOf\":{\"@id\":\"https:\/\/takahashiadv.com.br\/#website\"},\"datePublished\":\"2024-10-14T12:15:27+00:00\",\"dateModified\":\"2025-08-19T21:14:24+00:00\",\"breadcrumb\":{\"@id\":\"https:\/\/takahashiadv.com.br\/index.php\/privacidade\/#breadcrumb\"},\"inLanguage\":\"pt-BR\",\"potentialAction\":[{\"@type\":\"ReadAction\",\"target\":[\"https:\/\/takahashiadv.com.br\/index.php\/privacidade\/\"]}]},{\"@type\":\"BreadcrumbList\",\"@id\":\"https:\/\/takahashiadv.com.br\/index.php\/privacidade\/#breadcrumb\",\"itemListElement\":[{\"@type\":\"ListItem\",\"position\":1,\"name\":\"In\u00edcio\",\"item\":\"https:\/\/takahashiadv.com.br\/\"},{\"@type\":\"ListItem\",\"position\":2,\"name\":\"Privacidade\"}]},{\"@type\":\"WebSite\",\"@id\":\"https:\/\/takahashiadv.com.br\/#website\",\"url\":\"https:\/\/takahashiadv.com.br\/\",\"name\":\"Takahashi Advogados Associados\",\"description\":\"Escrit\u00f3rio de Advocacia\",\"publisher\":{\"@id\":\"https:\/\/takahashiadv.com.br\/#organization\"},\"potentialAction\":[{\"@type\":\"SearchAction\",\"target\":{\"@type\":\"EntryPoint\",\"urlTemplate\":\"https:\/\/takahashiadv.com.br\/?s={search_term_string}\"},\"query-input\":{\"@type\":\"PropertyValueSpecification\",\"valueRequired\":true,\"valueName\":\"search_term_string\"}}],\"inLanguage\":\"pt-BR\"},{\"@type\":\"Organization\",\"@id\":\"https:\/\/takahashiadv.com.br\/#organization\",\"name\":\"Takahashi Advogados Associados\",\"alternateName\":\"Takahashi Advogados\",\"url\":\"https:\/\/takahashiadv.com.br\/\",\"logo\":{\"@type\":\"ImageObject\",\"inLanguage\":\"pt-BR\",\"@id\":\"https:\/\/takahashiadv.com.br\/#\/schema\/logo\/image\/\",\"url\":\"https:\/\/takahashiadv.com.br\/wp-content\/uploads\/2019\/01\/cropped-logo-ICONE.png\",\"contentUrl\":\"https:\/\/takahashiadv.com.br\/wp-content\/uploads\/2019\/01\/cropped-logo-ICONE.png\",\"width\":512,\"height\":512,\"caption\":\"Takahashi Advogados Associados\"},\"image\":{\"@id\":\"https:\/\/takahashiadv.com.br\/#\/schema\/logo\/image\/\"},\"sameAs\":[\"https:\/\/www.facebook.com\/takahashiadvogados\",\"https:\/\/www.instagram.com\/takahashiadvogados\/\",\"https:\/\/www.linkedin.com\/in\/takahashi-advogados-associados-a41b26374\/\"]}]}<\/script>\n<!-- \/ Yoast SEO plugin. -->","yoast_head_json":{"title":"Privacidade - Takahashi Advogados Associados","robots":{"index":"index","follow":"follow","max-snippet":"max-snippet:-1","max-image-preview":"max-image-preview:large","max-video-preview":"max-video-preview:-1"},"canonical":"https:\/\/takahashiadv.com.br\/index.php\/privacidade\/","og_locale":"pt_BR","og_type":"article","og_title":"Privacidade - Takahashi Advogados Associados","og_description":"POL\u00cdTICA DE PRIVACIDADE E PROTE\u00c7\u00c3O DE DADOS PESSOAIS\u00a0 1 \u2013 O QUE VOC\u00ca PRECISA SABER PARA ENTENDER ESTA POL\u00cdTICA? Para facilitar a leitura desta Pol\u00edtica, informamos algumas defini\u00e7\u00f5es \u00fateis para o seu completo entendimento: Utilizaremos os termos \u201cn\u00f3s\u201d, \u201cnosso\u201d e \u201cnossa\u201d para nos referirmos ao nosso time e a qualquer membro da Takahashi Advogados Associados,...","og_url":"https:\/\/takahashiadv.com.br\/index.php\/privacidade\/","og_site_name":"Takahashi Advogados Associados","article_publisher":"https:\/\/www.facebook.com\/takahashiadvogados","article_modified_time":"2025-08-19T21:14:24+00:00","twitter_card":"summary_large_image","twitter_misc":{"Est. tempo de leitura":"10 minutos"},"schema":{"@context":"https:\/\/schema.org","@graph":[{"@type":"WebPage","@id":"https:\/\/takahashiadv.com.br\/index.php\/privacidade\/","url":"https:\/\/takahashiadv.com.br\/index.php\/privacidade\/","name":"Privacidade - Takahashi Advogados Associados","isPartOf":{"@id":"https:\/\/takahashiadv.com.br\/#website"},"datePublished":"2024-10-14T12:15:27+00:00","dateModified":"2025-08-19T21:14:24+00:00","breadcrumb":{"@id":"https:\/\/takahashiadv.com.br\/index.php\/privacidade\/#breadcrumb"},"inLanguage":"pt-BR","potentialAction":[{"@type":"ReadAction","target":["https:\/\/takahashiadv.com.br\/index.php\/privacidade\/"]}]},{"@type":"BreadcrumbList","@id":"https:\/\/takahashiadv.com.br\/index.php\/privacidade\/#breadcrumb","itemListElement":[{"@type":"ListItem","position":1,"name":"In\u00edcio","item":"https:\/\/takahashiadv.com.br\/"},{"@type":"ListItem","position":2,"name":"Privacidade"}]},{"@type":"WebSite","@id":"https:\/\/takahashiadv.com.br\/#website","url":"https:\/\/takahashiadv.com.br\/","name":"Takahashi Advogados Associados","description":"Escrit\u00f3rio de Advocacia","publisher":{"@id":"https:\/\/takahashiadv.com.br\/#organization"},"potentialAction":[{"@type":"SearchAction","target":{"@type":"EntryPoint","urlTemplate":"https:\/\/takahashiadv.com.br\/?s={search_term_string}"},"query-input":{"@type":"PropertyValueSpecification","valueRequired":true,"valueName":"search_term_string"}}],"inLanguage":"pt-BR"},{"@type":"Organization","@id":"https:\/\/takahashiadv.com.br\/#organization","name":"Takahashi Advogados Associados","alternateName":"Takahashi Advogados","url":"https:\/\/takahashiadv.com.br\/","logo":{"@type":"ImageObject","inLanguage":"pt-BR","@id":"https:\/\/takahashiadv.com.br\/#\/schema\/logo\/image\/","url":"https:\/\/takahashiadv.com.br\/wp-content\/uploads\/2019\/01\/cropped-logo-ICONE.png","contentUrl":"https:\/\/takahashiadv.com.br\/wp-content\/uploads\/2019\/01\/cropped-logo-ICONE.png","width":512,"height":512,"caption":"Takahashi Advogados Associados"},"image":{"@id":"https:\/\/takahashiadv.com.br\/#\/schema\/logo\/image\/"},"sameAs":["https:\/\/www.facebook.com\/takahashiadvogados","https:\/\/www.instagram.com\/takahashiadvogados\/","https:\/\/www.linkedin.com\/in\/takahashi-advogados-associados-a41b26374\/"]}]}},"_links":{"self":[{"href":"https:\/\/takahashiadv.com.br\/index.php\/wp-json\/wp\/v2\/pages\/17262","targetHints":{"allow":["GET"]}}],"collection":[{"href":"https:\/\/takahashiadv.com.br\/index.php\/wp-json\/wp\/v2\/pages"}],"about":[{"href":"https:\/\/takahashiadv.com.br\/index.php\/wp-json\/wp\/v2\/types\/page"}],"author":[{"embeddable":true,"href":"https:\/\/takahashiadv.com.br\/index.php\/wp-json\/wp\/v2\/users\/1"}],"replies":[{"embeddable":true,"href":"https:\/\/takahashiadv.com.br\/index.php\/wp-json\/wp\/v2\/comments?post=17262"}],"version-history":[{"count":16,"href":"https:\/\/takahashiadv.com.br\/index.php\/wp-json\/wp\/v2\/pages\/17262\/revisions"}],"predecessor-version":[{"id":17463,"href":"https:\/\/takahashiadv.com.br\/index.php\/wp-json\/wp\/v2\/pages\/17262\/revisions\/17463"}],"wp:attachment":[{"href":"https:\/\/takahashiadv.com.br\/index.php\/wp-json\/wp\/v2\/media?parent=17262"}],"curies":[{"name":"wp","href":"https:\/\/api.w.org\/{rel}","templated":true}]}}