{"id":9488,"date":"2025-07-13T10:05:30","date_gmt":"2025-07-13T13:05:30","guid":{"rendered":"http:\/\/lawyers-attorneys.vamtam.com\/?page_id=9488"},"modified":"2025-07-13T15:32:52","modified_gmt":"2025-07-13T18:32:52","slug":"antonio-narente","status":"publish","type":"page","link":"https:\/\/takahashiadv.com.br\/index.php\/advogados\/antonio-narente\/","title":{"rendered":"Ant\u00f4nio Narente"},"content":{"rendered":"<div class=\"row \"><div class=\"wpv-grid grid-2-3  wpv-first-level first has-background unextended lazyload\" style=\"\n\t\t\t\tbackground:inherit;\n\t\t\t\tbackground-size: auto;\n\t\t\tpadding-top:400px;padding-bottom:0px\" id=\"wpv-column-34fbc98340601ee10503d0f9651e7fbe\"  data-bg=\"url( &#039;https:\/\/takahashiadv.com.br\/wp-content\/uploads\/2021\/08\/socios-takahashi-AntonioNarente-2021-02.jpg&#039; ) no-repeat center top\"><\/div>\n<div class=\"wpv-grid grid-1-3 add-border wpv-first-level unextended\" style=\"padding-top:20px;padding-bottom:15px\" id=\"wpv-column-169a0f55e402132b0d22f32b2f552651\" ><div class=\"row \"><div class=\"wpv-grid grid-1-1  first unextended animation-fade-in animated-active\" style=\"padding-top:0px;padding-bottom:0px\" id=\"wpv-column-44e4bd578b843f724f764e7cb8d6e34f\" ><h4 style=\"padding-left: 20px;\">CONTATO<\/h4>\n<p style=\"padding-left: 20px;\">Tel: (43) 3524.2130<br \/>\n<strong>antonio@takahashiadv.com.br<\/strong><\/p>\n<p style=\"padding-left: 20px;\"><div class=\"push\" style='height:10px'><\/div>\n<h4 style=\"padding-left: 20px;\">ESPECIALIDADES<\/h4>\n<p style=\"padding-left: 20px;\">. Direito C\u00edvel<br \/>\n. Direito M\u00e9dico e Hospitalar<\/p>\n<p style=\"padding-left: 20px;\"><div class=\"push\" style='height:10px'><\/div>\n<h4 style=\"padding-left: 20px;\"><span style=\"color: #ffffff;\">FORMA\u00c7\u00c3O<\/span><\/h4>\n<p style=\"padding-left: 20px;\"><span style=\"color: #ffffff;\">Lorem ipsum dolor sit amet<\/span><br \/>\n<span style=\"color: #ffffff;\">Consectetuer adipiscing elit<\/span><br \/>\n<span style=\"color: #ffffff;\">Diam nonummy nibh euismod tincidunt ut laoreet.<\/span><\/div><\/div><\/div><\/div>\n<div class=\"push\" style='height:50px'><\/div>\n<div class=\"row \"><div class=\"wpv-grid grid-1-1  wpv-first-level first unextended\" style=\"padding-top:0px;padding-bottom:0px\" id=\"wpv-column-11ca0851c67c65f013f1eca53d80a27b\" ><div class=\"clearfix dropcap-wrapper\"><div class=\"dropcap-left\"><span class='dropcap1 '>T<\/span><\/div><div class=\"dropcap-text\">Trabalho em equipe, experi\u00eancia e credibilidade. \u00c9 isso o que nos define, e o que nos permite construir rela\u00e7\u00f5es de valor.<\/div> <\/div>\n<div class=\"push\" style='height:20px'><\/div>\n<h3>\u00c1REAS DE ATUA\u00c7\u00c3O<\/h3>\n<p>. Especialista em Direito Processual Civil e Direito C\u00edvel.<br \/>\n. Consultor jur\u00eddico de diversas associa\u00e7\u00f5es de classe.<br \/>\n. Especialista em Direito M\u00e9dico e Hospitalar gradua\u00e7\u00e3o lato sensu em Direito M\u00e9dico pela Escola Paulista de Direito &#8211; EPD<br \/>\n<div class=\"push\" style='height:20px'><\/div><\/div><\/div>\n","protected":false},"excerpt":{"rendered":"<p>CONTATO Tel: (43) 3524.2130 antonio@takahashiadv.com.br ESPECIALIDADES . Direito C\u00edvel . Direito M\u00e9dico e Hospitalar FORMA\u00c7\u00c3O Lorem ipsum dolor sit amet Consectetuer adipiscing elit Diam nonummy nibh euismod tincidunt ut laoreet. \u00c1REAS DE ATUA\u00c7\u00c3O . Especialista em Direito Processual Civil e Direito C\u00edvel. . Consultor jur\u00eddico de diversas associa\u00e7\u00f5es de classe. . Especialista em Direito M\u00e9dico&#8230;<\/p>\n","protected":false},"author":1,"featured_media":0,"parent":7774,"menu_order":0,"comment_status":"closed","ping_status":"closed","template":"","meta":{"_joinchat":[],"footnotes":""},"class_list":["post-9488","page","type-page","status-publish","hentry"],"yoast_head":"<!-- This site is optimized with the Yoast SEO plugin v26.5 - https:\/\/yoast.com\/wordpress\/plugins\/seo\/ -->\n<title>Ant\u00f4nio Narente - Takahashi Advogados Associados<\/title>\n<meta name=\"robots\" content=\"index, follow, max-snippet:-1, max-image-preview:large, max-video-preview:-1\" \/>\n<link rel=\"canonical\" href=\"https:\/\/takahashiadv.com.br\/index.php\/advogados\/antonio-narente\/\" \/>\n<meta property=\"og:locale\" content=\"pt_BR\" \/>\n<meta property=\"og:type\" content=\"article\" \/>\n<meta property=\"og:title\" content=\"Ant\u00f4nio Narente - Takahashi Advogados Associados\" \/>\n<meta property=\"og:description\" content=\"CONTATO Tel: (43) 3524.2130 antonio@takahashiadv.com.br ESPECIALIDADES . Direito C\u00edvel . Direito M\u00e9dico e Hospitalar FORMA\u00c7\u00c3O Lorem ipsum dolor sit amet Consectetuer adipiscing elit Diam nonummy nibh euismod tincidunt ut laoreet. \u00c1REAS DE ATUA\u00c7\u00c3O . Especialista em Direito Processual Civil e Direito C\u00edvel. . Consultor jur\u00eddico de diversas associa\u00e7\u00f5es de classe. . Especialista em Direito M\u00e9dico...\" \/>\n<meta property=\"og:url\" content=\"https:\/\/takahashiadv.com.br\/index.php\/advogados\/antonio-narente\/\" \/>\n<meta property=\"og:site_name\" content=\"Takahashi Advogados Associados\" \/>\n<meta property=\"article:publisher\" content=\"https:\/\/www.facebook.com\/takahashiadvogados\" \/>\n<meta property=\"article:modified_time\" content=\"2025-07-13T18:32:52+00:00\" \/>\n<meta name=\"twitter:card\" content=\"summary_large_image\" \/>\n<meta name=\"twitter:label1\" content=\"Est. tempo de leitura\" \/>\n\t<meta name=\"twitter:data1\" content=\"1 minuto\" \/>\n<script type=\"application\/ld+json\" class=\"yoast-schema-graph\">{\"@context\":\"https:\/\/schema.org\",\"@graph\":[{\"@type\":\"WebPage\",\"@id\":\"https:\/\/takahashiadv.com.br\/index.php\/advogados\/antonio-narente\/\",\"url\":\"https:\/\/takahashiadv.com.br\/index.php\/advogados\/antonio-narente\/\",\"name\":\"Ant\u00f4nio Narente - Takahashi Advogados Associados\",\"isPartOf\":{\"@id\":\"https:\/\/takahashiadv.com.br\/#website\"},\"datePublished\":\"2025-07-13T13:05:30+00:00\",\"dateModified\":\"2025-07-13T18:32:52+00:00\",\"breadcrumb\":{\"@id\":\"https:\/\/takahashiadv.com.br\/index.php\/advogados\/antonio-narente\/#breadcrumb\"},\"inLanguage\":\"pt-BR\",\"potentialAction\":[{\"@type\":\"ReadAction\",\"target\":[\"https:\/\/takahashiadv.com.br\/index.php\/advogados\/antonio-narente\/\"]}]},{\"@type\":\"BreadcrumbList\",\"@id\":\"https:\/\/takahashiadv.com.br\/index.php\/advogados\/antonio-narente\/#breadcrumb\",\"itemListElement\":[{\"@type\":\"ListItem\",\"position\":1,\"name\":\"In\u00edcio\",\"item\":\"https:\/\/takahashiadv.com.br\/\"},{\"@type\":\"ListItem\",\"position\":2,\"name\":\"Equipe\",\"item\":\"https:\/\/takahashiadv.com.br\/index.php\/advogados\/\"},{\"@type\":\"ListItem\",\"position\":3,\"name\":\"Ant\u00f4nio Narente\"}]},{\"@type\":\"WebSite\",\"@id\":\"https:\/\/takahashiadv.com.br\/#website\",\"url\":\"https:\/\/takahashiadv.com.br\/\",\"name\":\"Takahashi Advogados Associados\",\"description\":\"Escrit\u00f3rio de Advocacia\",\"publisher\":{\"@id\":\"https:\/\/takahashiadv.com.br\/#organization\"},\"potentialAction\":[{\"@type\":\"SearchAction\",\"target\":{\"@type\":\"EntryPoint\",\"urlTemplate\":\"https:\/\/takahashiadv.com.br\/?s={search_term_string}\"},\"query-input\":{\"@type\":\"PropertyValueSpecification\",\"valueRequired\":true,\"valueName\":\"search_term_string\"}}],\"inLanguage\":\"pt-BR\"},{\"@type\":\"Organization\",\"@id\":\"https:\/\/takahashiadv.com.br\/#organization\",\"name\":\"Takahashi Advogados Associados\",\"alternateName\":\"Takahashi Advogados\",\"url\":\"https:\/\/takahashiadv.com.br\/\",\"logo\":{\"@type\":\"ImageObject\",\"inLanguage\":\"pt-BR\",\"@id\":\"https:\/\/takahashiadv.com.br\/#\/schema\/logo\/image\/\",\"url\":\"https:\/\/takahashiadv.com.br\/wp-content\/uploads\/2019\/01\/cropped-logo-ICONE.png\",\"contentUrl\":\"https:\/\/takahashiadv.com.br\/wp-content\/uploads\/2019\/01\/cropped-logo-ICONE.png\",\"width\":512,\"height\":512,\"caption\":\"Takahashi Advogados Associados\"},\"image\":{\"@id\":\"https:\/\/takahashiadv.com.br\/#\/schema\/logo\/image\/\"},\"sameAs\":[\"https:\/\/www.facebook.com\/takahashiadvogados\",\"https:\/\/www.instagram.com\/takahashiadvogados\/\",\"https:\/\/www.linkedin.com\/in\/takahashi-advogados-associados-a41b26374\/\"]}]}<\/script>\n<!-- \/ Yoast SEO plugin. -->","yoast_head_json":{"title":"Ant\u00f4nio Narente - Takahashi Advogados Associados","robots":{"index":"index","follow":"follow","max-snippet":"max-snippet:-1","max-image-preview":"max-image-preview:large","max-video-preview":"max-video-preview:-1"},"canonical":"https:\/\/takahashiadv.com.br\/index.php\/advogados\/antonio-narente\/","og_locale":"pt_BR","og_type":"article","og_title":"Ant\u00f4nio Narente - Takahashi Advogados Associados","og_description":"CONTATO Tel: (43) 3524.2130 antonio@takahashiadv.com.br ESPECIALIDADES . Direito C\u00edvel . Direito M\u00e9dico e Hospitalar FORMA\u00c7\u00c3O Lorem ipsum dolor sit amet Consectetuer adipiscing elit Diam nonummy nibh euismod tincidunt ut laoreet. \u00c1REAS DE ATUA\u00c7\u00c3O . Especialista em Direito Processual Civil e Direito C\u00edvel. . Consultor jur\u00eddico de diversas associa\u00e7\u00f5es de classe. . Especialista em Direito M\u00e9dico...","og_url":"https:\/\/takahashiadv.com.br\/index.php\/advogados\/antonio-narente\/","og_site_name":"Takahashi Advogados Associados","article_publisher":"https:\/\/www.facebook.com\/takahashiadvogados","article_modified_time":"2025-07-13T18:32:52+00:00","twitter_card":"summary_large_image","twitter_misc":{"Est. tempo de leitura":"1 minuto"},"schema":{"@context":"https:\/\/schema.org","@graph":[{"@type":"WebPage","@id":"https:\/\/takahashiadv.com.br\/index.php\/advogados\/antonio-narente\/","url":"https:\/\/takahashiadv.com.br\/index.php\/advogados\/antonio-narente\/","name":"Ant\u00f4nio Narente - Takahashi Advogados Associados","isPartOf":{"@id":"https:\/\/takahashiadv.com.br\/#website"},"datePublished":"2025-07-13T13:05:30+00:00","dateModified":"2025-07-13T18:32:52+00:00","breadcrumb":{"@id":"https:\/\/takahashiadv.com.br\/index.php\/advogados\/antonio-narente\/#breadcrumb"},"inLanguage":"pt-BR","potentialAction":[{"@type":"ReadAction","target":["https:\/\/takahashiadv.com.br\/index.php\/advogados\/antonio-narente\/"]}]},{"@type":"BreadcrumbList","@id":"https:\/\/takahashiadv.com.br\/index.php\/advogados\/antonio-narente\/#breadcrumb","itemListElement":[{"@type":"ListItem","position":1,"name":"In\u00edcio","item":"https:\/\/takahashiadv.com.br\/"},{"@type":"ListItem","position":2,"name":"Equipe","item":"https:\/\/takahashiadv.com.br\/index.php\/advogados\/"},{"@type":"ListItem","position":3,"name":"Ant\u00f4nio Narente"}]},{"@type":"WebSite","@id":"https:\/\/takahashiadv.com.br\/#website","url":"https:\/\/takahashiadv.com.br\/","name":"Takahashi Advogados Associados","description":"Escrit\u00f3rio de Advocacia","publisher":{"@id":"https:\/\/takahashiadv.com.br\/#organization"},"potentialAction":[{"@type":"SearchAction","target":{"@type":"EntryPoint","urlTemplate":"https:\/\/takahashiadv.com.br\/?s={search_term_string}"},"query-input":{"@type":"PropertyValueSpecification","valueRequired":true,"valueName":"search_term_string"}}],"inLanguage":"pt-BR"},{"@type":"Organization","@id":"https:\/\/takahashiadv.com.br\/#organization","name":"Takahashi Advogados Associados","alternateName":"Takahashi Advogados","url":"https:\/\/takahashiadv.com.br\/","logo":{"@type":"ImageObject","inLanguage":"pt-BR","@id":"https:\/\/takahashiadv.com.br\/#\/schema\/logo\/image\/","url":"https:\/\/takahashiadv.com.br\/wp-content\/uploads\/2019\/01\/cropped-logo-ICONE.png","contentUrl":"https:\/\/takahashiadv.com.br\/wp-content\/uploads\/2019\/01\/cropped-logo-ICONE.png","width":512,"height":512,"caption":"Takahashi Advogados Associados"},"image":{"@id":"https:\/\/takahashiadv.com.br\/#\/schema\/logo\/image\/"},"sameAs":["https:\/\/www.facebook.com\/takahashiadvogados","https:\/\/www.instagram.com\/takahashiadvogados\/","https:\/\/www.linkedin.com\/in\/takahashi-advogados-associados-a41b26374\/"]}]}},"_links":{"self":[{"href":"https:\/\/takahashiadv.com.br\/index.php\/wp-json\/wp\/v2\/pages\/9488","targetHints":{"allow":["GET"]}}],"collection":[{"href":"https:\/\/takahashiadv.com.br\/index.php\/wp-json\/wp\/v2\/pages"}],"about":[{"href":"https:\/\/takahashiadv.com.br\/index.php\/wp-json\/wp\/v2\/types\/page"}],"author":[{"embeddable":true,"href":"https:\/\/takahashiadv.com.br\/index.php\/wp-json\/wp\/v2\/users\/1"}],"replies":[{"embeddable":true,"href":"https:\/\/takahashiadv.com.br\/index.php\/wp-json\/wp\/v2\/comments?post=9488"}],"version-history":[{"count":14,"href":"https:\/\/takahashiadv.com.br\/index.php\/wp-json\/wp\/v2\/pages\/9488\/revisions"}],"predecessor-version":[{"id":17336,"href":"https:\/\/takahashiadv.com.br\/index.php\/wp-json\/wp\/v2\/pages\/9488\/revisions\/17336"}],"up":[{"embeddable":true,"href":"https:\/\/takahashiadv.com.br\/index.php\/wp-json\/wp\/v2\/pages\/7774"}],"wp:attachment":[{"href":"https:\/\/takahashiadv.com.br\/index.php\/wp-json\/wp\/v2\/media?parent=9488"}],"curies":[{"name":"wp","href":"https:\/\/api.w.org\/{rel}","templated":true}]}}